{"id":3367,"date":"2015-08-28T18:57:11","date_gmt":"2015-08-28T15:57:11","guid":{"rendered":"http:\/\/duygusoysal.com\/?page_id=3367"},"modified":"2016-06-13T18:55:44","modified_gmt":"2016-06-13T15:55:44","slug":"en-dogal-gelin","status":"publish","type":"page","link":"https:\/\/duygusoysal.com\/index.php\/en-dogal-gelin\/","title":{"rendered":"EN DO\u011eAL GEL\u0130N &#8211; ANNE"},"content":{"rendered":"<div  data-min-height=\"\" style=\"min-height:px;\" class=\"   vc_row wpb_row vc_row-fluid\"><div class=\"wpb_column vc_column_container vc_col-sm-12\"><div class=\"wpb_wrapper\"><!-- vc_grid start -->\n<div class=\"vc_grid-container-wrapper vc_clearfix\">\n\t<div class=\"vc_grid-container vc_clearfix wpb_content_element vc_basic_grid\"\n\t     data-vc-grid-settings=\"{&quot;page_id&quot;:3367,&quot;style&quot;:&quot;all&quot;,&quot;action&quot;:&quot;vc_get_vc_grid_data&quot;,&quot;animation_in&quot;:&quot;zoomIn&quot;,&quot;shortcode_id&quot;:&quot;{failed_to_get_id:\\&quot;vc_gid:1465555683202-0ddc5183-340a-9\\&quot;}&quot;,&quot;tag&quot;:&quot;vc_basic_grid&quot;}\"\n\t     data-vc-request=\"\/wp-admin\/admin-ajax.php\"\n\t     data-vc-post-id=\"3367\">\n\t<\/div>\n<\/div><!-- vc_grid end -->\n    <h3 class=\"custom-title text-left\" >\n        <span class=\"normal\"><\/span>\n    <\/h3>\n\n    \n\t<div class=\"wpb_text_column wpb_content_element \">\n\t\t<div class=\"wpb_wrapper\">\n\t\t\t<p>Sitede yer alan b\u00fct\u00fcn \u00e7al\u0131\u015fmalar ve foto\u011fraflar Duygu Soysal&#8217;a ait olup, izinsiz kullan\u0131m\u0131 halinde yasal i\u015flem ba\u015flat\u0131l\u0131r.<\/p>\n\n\t\t<\/div> \n\t<\/div> <\/div><\/div><\/div>\n","protected":false},"excerpt":{"rendered":"<a class=\"more-link\" href=\"https:\/\/duygusoysal.com\/index.php\/en-dogal-gelin\/\">Devam\u0131n\u0131 Oku >>><\/a>","protected":false},"author":2,"featured_media":0,"parent":0,"menu_order":0,"comment_status":"open","ping_status":"open","template":"page-full.php","meta":[],"_links":{"self":[{"href":"https:\/\/duygusoysal.com\/index.php\/wp-json\/wp\/v2\/pages\/3367"}],"collection":[{"href":"https:\/\/duygusoysal.com\/index.php\/wp-json\/wp\/v2\/pages"}],"about":[{"href":"https:\/\/duygusoysal.com\/index.php\/wp-json\/wp\/v2\/types\/page"}],"author":[{"embeddable":true,"href":"https:\/\/duygusoysal.com\/index.php\/wp-json\/wp\/v2\/users\/2"}],"replies":[{"embeddable":true,"href":"https:\/\/duygusoysal.com\/index.php\/wp-json\/wp\/v2\/comments?post=3367"}],"version-history":[{"count":15,"href":"https:\/\/duygusoysal.com\/index.php\/wp-json\/wp\/v2\/pages\/3367\/revisions"}],"predecessor-version":[{"id":3851,"href":"https:\/\/duygusoysal.com\/index.php\/wp-json\/wp\/v2\/pages\/3367\/revisions\/3851"}],"wp:attachment":[{"href":"https:\/\/duygusoysal.com\/index.php\/wp-json\/wp\/v2\/media?parent=3367"}],"curies":[{"name":"wp","href":"https:\/\/api.w.org\/{rel}","templated":true}]}}