{"id":3486,"date":"2015-08-30T15:51:23","date_gmt":"2015-08-30T12:51:23","guid":{"rendered":"http:\/\/duygusoysal.com\/?post_type=product&#038;p=3486"},"modified":"2018-03-29T17:26:05","modified_gmt":"2018-03-29T14:26:05","slug":"buket1","status":"publish","type":"product","link":"https:\/\/duygusoysal.com\/index.php\/urun\/buket1\/","title":{"rendered":"Do\u011fal Gelin Buketi"},"content":{"rendered":"<p><span id=\"fbPhotoSnowliftCaption\" class=\"fbPhotosPhotoCaption\" tabindex=\"0\" data-ft=\"{&quot;tn&quot;:&quot;K&quot;}\"><span class=\"hasCaption\">En \u00f6zel g\u00fcnde en do\u011fal gelin olmak istersen, ka\u011f\u0131ttan ve kuru \u00e7i\u00e7eklerden tasarlanm\u0131\u015f bir buket tam sana g\u00f6re:)<br \/>\nBu bir ba\u015flang\u0131\u00e7 daha fazla \u015fa\u015f\u0131rt\u0131c\u0131 i\u00e7erik i\u00e7in irtibata ge\u00e7ebilir, unutulmaz g\u00fcnde fark yaratabilirsiniz:)<\/span><\/span><\/p>\n","protected":false},"excerpt":{"rendered":"<p><span id=\"fbPhotoSnowliftCaption\" class=\"fbPhotosPhotoCaption\" tabindex=\"0\" data-ft=\"{&quot;tn&quot;:&quot;K&quot;}\"><span class=\"hasCaption\">Bohem gelinlere naturel buketler\/<br \/>\nBohemian wedding bouquet with paper flowers<br \/>\n<\/span><\/span><\/p>\n<a class=\"more-link\" href=\"https:\/\/duygusoysal.com\/index.php\/urun\/buket1\/\">Devam\u0131n\u0131 Oku >>><\/a>","protected":false},"featured_media":4191,"comment_status":"open","ping_status":"closed","template":"","meta":[],"product_cat":[218],"product_tag":[307,222,303,310,229,306,305,308,311,309,304,312],"_links":{"self":[{"href":"https:\/\/duygusoysal.com\/index.php\/wp-json\/wp\/v2\/product\/3486"}],"collection":[{"href":"https:\/\/duygusoysal.com\/index.php\/wp-json\/wp\/v2\/product"}],"about":[{"href":"https:\/\/duygusoysal.com\/index.php\/wp-json\/wp\/v2\/types\/product"}],"replies":[{"embeddable":true,"href":"https:\/\/duygusoysal.com\/index.php\/wp-json\/wp\/v2\/comments?post=3486"}],"wp:featuredmedia":[{"embeddable":true,"href":"https:\/\/duygusoysal.com\/index.php\/wp-json\/wp\/v2\/media\/4191"}],"wp:attachment":[{"href":"https:\/\/duygusoysal.com\/index.php\/wp-json\/wp\/v2\/media?parent=3486"}],"wp:term":[{"taxonomy":"product_cat","embeddable":true,"href":"https:\/\/duygusoysal.com\/index.php\/wp-json\/wp\/v2\/product_cat?post=3486"},{"taxonomy":"product_tag","embeddable":true,"href":"https:\/\/duygusoysal.com\/index.php\/wp-json\/wp\/v2\/product_tag?post=3486"}],"curies":[{"name":"wp","href":"https:\/\/api.w.org\/{rel}","templated":true}]}}