{"id":3493,"date":"2015-08-30T16:06:57","date_gmt":"2015-08-30T13:06:57","guid":{"rendered":"http:\/\/duygusoysal.com\/?post_type=product&#038;p=3493"},"modified":"2017-03-28T15:17:23","modified_gmt":"2017-03-28T12:17:23","slug":"yaka1","status":"publish","type":"product","link":"https:\/\/duygusoysal.com\/index.php\/urun\/yaka1\/","title":{"rendered":"Do\u011fal Damat Yaka \u00c7i\u00e7e\u011fi"},"content":{"rendered":"<p><span id=\"fbPhotoSnowliftCaption\" class=\"fbPhotosPhotoCaption\" tabindex=\"0\" data-ft=\"{&quot;tn&quot;:&quot;K&quot;}\"><span class=\"hasCaption\">Do\u011fal bir gelin buketi, do\u011fal bir damat yaka \u00e7i\u00e7e\u011fiyle tamamlan\u0131r..The groom&#8217;s boutonniere complements the bride&#8217;s bouquet..<\/span><\/span><\/p>\n","protected":false},"excerpt":{"rendered":"<p>En do\u011fal damay yaka \u00e7i\u00e7e\u011fi&#8230;Kuru otlar ve kuru \u00e7i\u00e7eklerle s\u00fcslenmi\u015f&#8230;<\/p>\n<a class=\"more-link\" href=\"https:\/\/duygusoysal.com\/index.php\/urun\/yaka1\/\">Devam\u0131n\u0131 Oku >>><\/a>","protected":false},"featured_media":3494,"comment_status":"open","ping_status":"closed","template":"","meta":[],"product_cat":[218,411],"product_tag":[307,303,335,329,334,305,337,336,304],"_links":{"self":[{"href":"https:\/\/duygusoysal.com\/index.php\/wp-json\/wp\/v2\/product\/3493"}],"collection":[{"href":"https:\/\/duygusoysal.com\/index.php\/wp-json\/wp\/v2\/product"}],"about":[{"href":"https:\/\/duygusoysal.com\/index.php\/wp-json\/wp\/v2\/types\/product"}],"replies":[{"embeddable":true,"href":"https:\/\/duygusoysal.com\/index.php\/wp-json\/wp\/v2\/comments?post=3493"}],"wp:featuredmedia":[{"embeddable":true,"href":"https:\/\/duygusoysal.com\/index.php\/wp-json\/wp\/v2\/media\/3494"}],"wp:attachment":[{"href":"https:\/\/duygusoysal.com\/index.php\/wp-json\/wp\/v2\/media?parent=3493"}],"wp:term":[{"taxonomy":"product_cat","embeddable":true,"href":"https:\/\/duygusoysal.com\/index.php\/wp-json\/wp\/v2\/product_cat?post=3493"},{"taxonomy":"product_tag","embeddable":true,"href":"https:\/\/duygusoysal.com\/index.php\/wp-json\/wp\/v2\/product_tag?post=3493"}],"curies":[{"name":"wp","href":"https:\/\/api.w.org\/{rel}","templated":true}]}}