{"id":3498,"date":"2015-08-30T16:15:31","date_gmt":"2015-08-30T13:15:31","guid":{"rendered":"http:\/\/duygusoysal.com\/?post_type=product&#038;p=3498"},"modified":"2016-06-10T16:46:43","modified_gmt":"2016-06-10T13:46:43","slug":"sukulent1","status":"publish","type":"product","link":"https:\/\/duygusoysal.com\/index.php\/urun\/sukulent1\/","title":{"rendered":"Sukulent Nikah S\u00fcrprizi"},"content":{"rendered":"<p><span id=\"fbPhotoSnowliftCaption\" class=\"fbPhotosPhotoCaption\" tabindex=\"0\" data-ft=\"{&quot;tn&quot;:&quot;K&quot;}\"><span class=\"hasCaption\">Our baby succulents continue to get bigger and bigger \ud83d\ude42<br \/>\nbebek sukuletlerimizin \u00f6nlenemez y\u00fckseli\u015fi devam ediyor..<br \/>\n<\/span><\/span><\/p>\n","protected":false},"excerpt":{"rendered":"<p><span id=\"fbPhotoSnowliftCaption\" class=\"fbPhotosPhotoCaption\" tabindex=\"0\" data-ft=\"{&quot;tn&quot;:&quot;K&quot;}\"><span class=\"hasCaption\">our baby succulents continue to get bigger and bigger \ud83d\ude42<br \/>\nbebek sukuletlerimizin \u00f6nlenemez y\u00fckseli\u015fi devam ediyor..<\/span><\/span><\/p>\n<a class=\"more-link\" href=\"https:\/\/duygusoysal.com\/index.php\/urun\/sukulent1\/\">Devam\u0131n\u0131 Oku >>><\/a>","protected":false},"featured_media":3499,"comment_status":"open","ping_status":"closed","template":"","meta":[],"product_cat":[218],"product_tag":[307,386,338,329,385,340,382,319,384,383],"_links":{"self":[{"href":"https:\/\/duygusoysal.com\/index.php\/wp-json\/wp\/v2\/product\/3498"}],"collection":[{"href":"https:\/\/duygusoysal.com\/index.php\/wp-json\/wp\/v2\/product"}],"about":[{"href":"https:\/\/duygusoysal.com\/index.php\/wp-json\/wp\/v2\/types\/product"}],"replies":[{"embeddable":true,"href":"https:\/\/duygusoysal.com\/index.php\/wp-json\/wp\/v2\/comments?post=3498"}],"wp:featuredmedia":[{"embeddable":true,"href":"https:\/\/duygusoysal.com\/index.php\/wp-json\/wp\/v2\/media\/3499"}],"wp:attachment":[{"href":"https:\/\/duygusoysal.com\/index.php\/wp-json\/wp\/v2\/media?parent=3498"}],"wp:term":[{"taxonomy":"product_cat","embeddable":true,"href":"https:\/\/duygusoysal.com\/index.php\/wp-json\/wp\/v2\/product_cat?post=3498"},{"taxonomy":"product_tag","embeddable":true,"href":"https:\/\/duygusoysal.com\/index.php\/wp-json\/wp\/v2\/product_tag?post=3498"}],"curies":[{"name":"wp","href":"https:\/\/api.w.org\/{rel}","templated":true}]}}