{"id":3501,"date":"2015-08-30T16:23:52","date_gmt":"2015-08-30T13:23:52","guid":{"rendered":"http:\/\/duygusoysal.com\/?post_type=product&#038;p=3501"},"modified":"2016-06-11T15:01:19","modified_gmt":"2016-06-11T12:01:19","slug":"tohum-nikah-sekeri1","status":"publish","type":"product","link":"https:\/\/duygusoysal.com\/index.php\/urun\/tohum-nikah-sekeri1\/","title":{"rendered":"Tohum Nikah \u015eekeri"},"content":{"rendered":"<p><span id=\"fbPhotoSnowliftCaption\" class=\"fbPhotosPhotoCaption\" tabindex=\"0\" data-ft=\"{&quot;tn&quot;:&quot;K&quot;}\"><span class=\"hasCaption\">Geri d\u00f6n\u00fc\u015f\u00fcm ka\u011f\u0131tlar\u0131ndan haz\u0131rlanm\u0131\u015f do\u011fa dostu tohum nikah \u015fekerlerimiz <u><i>\ud83d\ude42 <\/i><\/u>Yap\u0131\u015ft\u0131r\u0131c\u0131 madde kullanmadan, sadece ka\u011f\u0131t ve tohum..Siz de sevdikleriniz i\u00e7in, k\u00fcp k\u00fcp ka\u011f\u0131t ve dolu dolu tohum nikah \u015fekerleri sunabilirsiniz..<br \/>\n\/ Our eco friendly seed bomb favors from recycled paper <\/span><\/span><\/p>\n","protected":false},"excerpt":{"rendered":"<p><span id=\"fbPhotoSnowliftCaption\" class=\"fbPhotosPhotoCaption\" tabindex=\"0\" data-ft=\"{&quot;tn&quot;:&quot;K&quot;}\"><span class=\"hasCaption\">Geri d\u00f6n\u00fc\u015f\u00fcm ka\u011f\u0131tlar\u0131ndan haz\u0131rlanm\u0131\u015f do\u011fa dostu tohum nikah \u015fekerlerimiz <u><i>\ud83d\ude42 <\/i><\/u>Yap\u0131\u015ft\u0131r\u0131c\u0131 madde kullanmadan, sadece ka\u011f\u0131t ve tohum<\/span><\/span><\/p>\n<a class=\"more-link\" href=\"https:\/\/duygusoysal.com\/index.php\/urun\/tohum-nikah-sekeri1\/\">Devam\u0131n\u0131 Oku >>><\/a>","protected":false},"featured_media":3503,"comment_status":"open","ping_status":"closed","template":"","meta":[],"product_cat":[218],"product_tag":[222,324,229,227,308,322,323,325,319,258,309,228,226,320,321,326,304],"_links":{"self":[{"href":"https:\/\/duygusoysal.com\/index.php\/wp-json\/wp\/v2\/product\/3501"}],"collection":[{"href":"https:\/\/duygusoysal.com\/index.php\/wp-json\/wp\/v2\/product"}],"about":[{"href":"https:\/\/duygusoysal.com\/index.php\/wp-json\/wp\/v2\/types\/product"}],"replies":[{"embeddable":true,"href":"https:\/\/duygusoysal.com\/index.php\/wp-json\/wp\/v2\/comments?post=3501"}],"wp:featuredmedia":[{"embeddable":true,"href":"https:\/\/duygusoysal.com\/index.php\/wp-json\/wp\/v2\/media\/3503"}],"wp:attachment":[{"href":"https:\/\/duygusoysal.com\/index.php\/wp-json\/wp\/v2\/media?parent=3501"}],"wp:term":[{"taxonomy":"product_cat","embeddable":true,"href":"https:\/\/duygusoysal.com\/index.php\/wp-json\/wp\/v2\/product_cat?post=3501"},{"taxonomy":"product_tag","embeddable":true,"href":"https:\/\/duygusoysal.com\/index.php\/wp-json\/wp\/v2\/product_tag?post=3501"}],"curies":[{"name":"wp","href":"https:\/\/api.w.org\/{rel}","templated":true}]}}