{"id":3530,"date":"2015-08-30T17:37:33","date_gmt":"2015-08-30T14:37:33","guid":{"rendered":"http:\/\/duygusoysal.com\/?post_type=product&#038;p=3530"},"modified":"2018-03-29T18:25:00","modified_gmt":"2018-03-29T15:25:00","slug":"en-dogal-siseler","status":"publish","type":"product","link":"https:\/\/duygusoysal.com\/index.php\/urun\/en-dogal-siseler\/","title":{"rendered":"En Do\u011fal \u015ei\u015feler"},"content":{"rendered":"<p>Hayat Dergisi&#8217;nin\u00a0 1958-1964 y\u0131llar\u0131 aras\u0131nda yay\u0131nlanm\u0131\u015f sayfalar\u0131ndan haz\u0131rlanm\u0131\u015f birbirinden \u015f\u0131k ve do\u011fal \u015fi\u015fe kaplamalar&#8230;<span id=\"fbPhotoSnowliftCaption\" class=\"fbPhotosPhotoCaption\" tabindex=\"0\" data-ft=\"{&quot;tn&quot;:&quot;K&quot;}\"><span class=\"hasCaption\">Recycled Newspaper, glass bottle, Hayat Magazine \/<br \/>\nGazete ka\u011f\u0131d\u0131, cam \u015fi\u015fe<\/span><\/span><\/p>\n","protected":false},"excerpt":{"rendered":"<p>Hayat Dergisi&#8217;nin\u00a0 1958-1964 y\u0131llar\u0131 aras\u0131nda yay\u0131nlanm\u0131\u015f sayfalar\u0131ndan haz\u0131rlanm\u0131\u015f birbirinden \u015f\u0131k ve dogal \u015fi\u015fe kaplamalar&#8230;<span id=\"fbPhotoSnowliftCaption\" class=\"fbPhotosPhotoCaption\" tabindex=\"0\" data-ft=\"{&quot;tn&quot;:&quot;K&quot;}\"><span class=\"hasCaption\">Recycled Newspaper, glass bottle, Hayat Magazine \/<br \/>\nGazete ka\u011f\u0131d\u0131, cam \u015fi\u015fe<\/span><\/span><\/p>\n<a class=\"more-link\" href=\"https:\/\/duygusoysal.com\/index.php\/urun\/en-dogal-siseler\/\">Devam\u0131n\u0131 Oku >>><\/a>","protected":false},"featured_media":4203,"comment_status":"open","ping_status":"closed","template":"","meta":[],"product_cat":[212],"product_tag":[216,229,227,231,232,234,233,228,210],"_links":{"self":[{"href":"https:\/\/duygusoysal.com\/index.php\/wp-json\/wp\/v2\/product\/3530"}],"collection":[{"href":"https:\/\/duygusoysal.com\/index.php\/wp-json\/wp\/v2\/product"}],"about":[{"href":"https:\/\/duygusoysal.com\/index.php\/wp-json\/wp\/v2\/types\/product"}],"replies":[{"embeddable":true,"href":"https:\/\/duygusoysal.com\/index.php\/wp-json\/wp\/v2\/comments?post=3530"}],"wp:featuredmedia":[{"embeddable":true,"href":"https:\/\/duygusoysal.com\/index.php\/wp-json\/wp\/v2\/media\/4203"}],"wp:attachment":[{"href":"https:\/\/duygusoysal.com\/index.php\/wp-json\/wp\/v2\/media?parent=3530"}],"wp:term":[{"taxonomy":"product_cat","embeddable":true,"href":"https:\/\/duygusoysal.com\/index.php\/wp-json\/wp\/v2\/product_cat?post=3530"},{"taxonomy":"product_tag","embeddable":true,"href":"https:\/\/duygusoysal.com\/index.php\/wp-json\/wp\/v2\/product_tag?post=3530"}],"curies":[{"name":"wp","href":"https:\/\/api.w.org\/{rel}","templated":true}]}}