{"id":3538,"date":"2015-08-30T17:46:07","date_gmt":"2015-08-30T14:46:07","guid":{"rendered":"http:\/\/duygusoysal.com\/?post_type=product&#038;p=3538"},"modified":"2018-03-29T18:12:02","modified_gmt":"2018-03-29T15:12:02","slug":"sari-eskitme-set","status":"publish","type":"product","link":"https:\/\/duygusoysal.com\/index.php\/urun\/sari-eskitme-set\/","title":{"rendered":"Sar\u0131 Eskitme Set"},"content":{"rendered":"<p>Tamamen ka\u011f\u0131t hamuru ve \u00e7e\u015fitli aksesuarlar kullanarak haz\u0131rlanm\u0131\u015f kase ve \u015fi\u015fe seti..Sar\u0131 akrilik boya ve eskitme tekni\u011fi kullanarak \u00fcr\u00fcn hareketlendirilmi\u015ftir&#8230;<\/p>\n","protected":false},"excerpt":{"rendered":"<p><span id=\"fbPhotoSnowliftCaption\" class=\"fbPhotosPhotoCaption\" tabindex=\"0\" data-ft=\"{&quot;tn&quot;:&quot;K&quot;}\"><span class=\"hasCaption\">Recycled newspaper, glass bottle, acrylic paint, miscellaneous accessories \/<br \/>\nGazete ka\u011f\u0131d\u0131, cam \u015fi\u015fe, akrilik boya, muhtelif aksesuar<\/span><\/span><\/p>\n<a class=\"more-link\" href=\"https:\/\/duygusoysal.com\/index.php\/urun\/sari-eskitme-set\/\">Devam\u0131n\u0131 Oku >>><\/a>","protected":false},"featured_media":4194,"comment_status":"open","ping_status":"closed","template":"","meta":[],"product_cat":[212],"product_tag":[235,240,237,236,229,211,241,232,209,233,228,238,210,239],"_links":{"self":[{"href":"https:\/\/duygusoysal.com\/index.php\/wp-json\/wp\/v2\/product\/3538"}],"collection":[{"href":"https:\/\/duygusoysal.com\/index.php\/wp-json\/wp\/v2\/product"}],"about":[{"href":"https:\/\/duygusoysal.com\/index.php\/wp-json\/wp\/v2\/types\/product"}],"replies":[{"embeddable":true,"href":"https:\/\/duygusoysal.com\/index.php\/wp-json\/wp\/v2\/comments?post=3538"}],"wp:featuredmedia":[{"embeddable":true,"href":"https:\/\/duygusoysal.com\/index.php\/wp-json\/wp\/v2\/media\/4194"}],"wp:attachment":[{"href":"https:\/\/duygusoysal.com\/index.php\/wp-json\/wp\/v2\/media?parent=3538"}],"wp:term":[{"taxonomy":"product_cat","embeddable":true,"href":"https:\/\/duygusoysal.com\/index.php\/wp-json\/wp\/v2\/product_cat?post=3538"},{"taxonomy":"product_tag","embeddable":true,"href":"https:\/\/duygusoysal.com\/index.php\/wp-json\/wp\/v2\/product_tag?post=3538"}],"curies":[{"name":"wp","href":"https:\/\/api.w.org\/{rel}","templated":true}]}}