{"id":3577,"date":"2015-08-31T14:37:47","date_gmt":"2015-08-31T11:37:47","guid":{"rendered":"http:\/\/duygusoysal.com\/?post_type=product&#038;p=3577"},"modified":"2015-08-31T14:39:01","modified_gmt":"2015-08-31T11:39:01","slug":"naturel-kase","status":"publish","type":"product","link":"https:\/\/duygusoysal.com\/index.php\/urun\/naturel-kase\/","title":{"rendered":"Naturel Kase"},"content":{"rendered":"<p><span id=\"fbPhotoSnowliftCaption\" class=\"fbPhotosPhotoCaption\" tabindex=\"0\" data-ft=\"{&quot;tn&quot;:&quot;K&quot;}\"><span class=\"hasCaption\">Recycled newspaper, Yeni \u0130nsan Magazine November 1994 \/<br \/>\nGazete ka\u011f\u0131d\u0131, Yeni \u0130nsan Dergisi Kas\u0131m 1994<\/span><\/span><\/p>\n","protected":false},"excerpt":{"rendered":"<p><span id=\"fbPhotoSnowliftCaption\" class=\"fbPhotosPhotoCaption\" tabindex=\"0\" data-ft=\"{&quot;tn&quot;:&quot;K&quot;}\"><span class=\"hasCaption\">Recycled newspaper, Yeni \u0130nsan Magazine November 1994 \/<br \/>\nGazete ka\u011f\u0131d\u0131, Yeni \u0130nsan Dergisi Kas\u0131m 1994<\/span><\/span><\/p>\n<a class=\"more-link\" href=\"https:\/\/duygusoysal.com\/index.php\/urun\/naturel-kase\/\">Devam\u0131n\u0131 Oku >>><\/a>","protected":false},"featured_media":3578,"comment_status":"open","ping_status":"closed","template":"","meta":[],"product_cat":[212],"product_tag":[213,240,237,229,232,209,233,239],"_links":{"self":[{"href":"https:\/\/duygusoysal.com\/index.php\/wp-json\/wp\/v2\/product\/3577"}],"collection":[{"href":"https:\/\/duygusoysal.com\/index.php\/wp-json\/wp\/v2\/product"}],"about":[{"href":"https:\/\/duygusoysal.com\/index.php\/wp-json\/wp\/v2\/types\/product"}],"replies":[{"embeddable":true,"href":"https:\/\/duygusoysal.com\/index.php\/wp-json\/wp\/v2\/comments?post=3577"}],"wp:featuredmedia":[{"embeddable":true,"href":"https:\/\/duygusoysal.com\/index.php\/wp-json\/wp\/v2\/media\/3578"}],"wp:attachment":[{"href":"https:\/\/duygusoysal.com\/index.php\/wp-json\/wp\/v2\/media?parent=3577"}],"wp:term":[{"taxonomy":"product_cat","embeddable":true,"href":"https:\/\/duygusoysal.com\/index.php\/wp-json\/wp\/v2\/product_cat?post=3577"},{"taxonomy":"product_tag","embeddable":true,"href":"https:\/\/duygusoysal.com\/index.php\/wp-json\/wp\/v2\/product_tag?post=3577"}],"curies":[{"name":"wp","href":"https:\/\/api.w.org\/{rel}","templated":true}]}}