{"id":3582,"date":"2015-08-31T14:51:12","date_gmt":"2015-08-31T11:51:12","guid":{"rendered":"http:\/\/duygusoysal.com\/?post_type=product&#038;p=3582"},"modified":"2015-08-31T14:51:17","modified_gmt":"2015-08-31T11:51:17","slug":"sophia-loren-tepsi","status":"publish","type":"product","link":"https:\/\/duygusoysal.com\/index.php\/urun\/sophia-loren-tepsi\/","title":{"rendered":"Sophia Loren Tepsi"},"content":{"rendered":"<p><span id=\"fbPhotoSnowliftCaption\" class=\"fbPhotosPhotoCaption\" tabindex=\"0\" data-ft=\"{&quot;tn&quot;:&quot;K&quot;}\"><span class=\"hasCaption\">Recycled newspaper, cardboard, Hayat Magazine April 1958, varnish \/<br \/>\nGazete ka\u011f\u0131d\u0131, karton, Hayat Dergisi Nisan 1958, vernik<\/span><\/span><\/p>\n","protected":false},"excerpt":{"rendered":"<p><span id=\"fbPhotoSnowliftCaption\" class=\"fbPhotosPhotoCaption\" tabindex=\"0\" data-ft=\"{&quot;tn&quot;:&quot;K&quot;}\"><span class=\"hasCaption\">Recycled newspaper, cardboard, Hayat Magazine April 1958, varnish \/<br \/>\nGazete ka\u011f\u0131d\u0131, karton, Hayat Dergisi Nisan 1958, vernik<\/span><\/span><\/p>\n<a class=\"more-link\" href=\"https:\/\/duygusoysal.com\/index.php\/urun\/sophia-loren-tepsi\/\">Devam\u0131n\u0131 Oku >>><\/a>","protected":false},"featured_media":3583,"comment_status":"open","ping_status":"closed","template":"","meta":[],"product_cat":[212],"product_tag":[240,237,236,229,241,234,239,243,244],"_links":{"self":[{"href":"https:\/\/duygusoysal.com\/index.php\/wp-json\/wp\/v2\/product\/3582"}],"collection":[{"href":"https:\/\/duygusoysal.com\/index.php\/wp-json\/wp\/v2\/product"}],"about":[{"href":"https:\/\/duygusoysal.com\/index.php\/wp-json\/wp\/v2\/types\/product"}],"replies":[{"embeddable":true,"href":"https:\/\/duygusoysal.com\/index.php\/wp-json\/wp\/v2\/comments?post=3582"}],"wp:featuredmedia":[{"embeddable":true,"href":"https:\/\/duygusoysal.com\/index.php\/wp-json\/wp\/v2\/media\/3583"}],"wp:attachment":[{"href":"https:\/\/duygusoysal.com\/index.php\/wp-json\/wp\/v2\/media?parent=3582"}],"wp:term":[{"taxonomy":"product_cat","embeddable":true,"href":"https:\/\/duygusoysal.com\/index.php\/wp-json\/wp\/v2\/product_cat?post=3582"},{"taxonomy":"product_tag","embeddable":true,"href":"https:\/\/duygusoysal.com\/index.php\/wp-json\/wp\/v2\/product_tag?post=3582"}],"curies":[{"name":"wp","href":"https:\/\/api.w.org\/{rel}","templated":true}]}}