{"id":3592,"date":"2015-08-31T21:01:02","date_gmt":"2015-08-31T18:01:02","guid":{"rendered":"http:\/\/duygusoysal.com\/?post_type=product&#038;p=3592"},"modified":"2016-06-10T16:34:48","modified_gmt":"2016-06-10T13:34:48","slug":"3592","status":"publish","type":"product","link":"https:\/\/duygusoysal.com\/index.php\/urun\/3592\/","title":{"rendered":"Charles Dickens Kase"},"content":{"rendered":"<p data-reactid=\".6.0.0.0.2.1.0.0\"><span data-reactid=\".6.0.0.0.2.1.0.0.1\"><span data-reactid=\".6.0.0.0.2.1.0.0.1.$text0:0:$end:0\">My bowls can be made of Charles Dickens&#8217;s book?why not?\u00a0 &#8230;.&#8217;a tale of two cities&#8217;<\/span><\/span><\/p>\n<p data-reactid=\".6.0.0.0.2.1.0.0\"><span data-reactid=\".6.0.0.0.2.1.0.0.1\"><span data-reactid=\".6.0.0.0.2.1.0.0.1.$text0:0:$text0:0\">Charles Dickens&#8217;\u0131n kitab\u0131 &#8216;iki \u015fehrin hikayesi&#8217;ni bu kaseden okuyabilirsiniz.<\/span><\/span><\/p>\n<p><span id=\"fbPhotoSnowliftCaption\" class=\"fbPhotosPhotoCaption\" tabindex=\"0\" data-ft=\"{&quot;tn&quot;:&quot;K&quot;}\"><span class=\"hasCaption\">Recycled newspaper, Charles Dickens &#8221; A Tale of Two Cities&#8221;, acrylic paint, varnish \/<br \/>\nGazete ka\u011f\u0131d\u0131, Charles Dickens &#8221; A Tale of Two Cities&#8221;, akrilik boya, vernik<\/span><\/span><\/p>\n","protected":false},"excerpt":{"rendered":"<p>Recycled newspaper, Charles Dickens &#8221; A Tale of Two Cities&#8221;, acrylic paint, varnish \/ <span id=\"fbPhotoSnowliftCaption\" class=\"fbPhotosPhotoCaption\" tabindex=\"0\" data-ft=\"{&quot;tn&quot;:&quot;K&quot;}\"><span class=\"hasCaption\">Gazete ka\u011f\u0131d\u0131, Charles Dickens &#8221; A Tale of Two Cities&#8221;, akrilik boya, vernik<\/span><\/span><\/p>\n<a class=\"more-link\" href=\"https:\/\/duygusoysal.com\/index.php\/urun\/3592\/\">Devam\u0131n\u0131 Oku >>><\/a>","protected":false},"featured_media":3593,"comment_status":"open","ping_status":"closed","template":"","meta":[],"product_cat":[212],"product_tag":[213,261,356,237,269,310,365,308,358,367,366,264,209,258,309,239],"_links":{"self":[{"href":"https:\/\/duygusoysal.com\/index.php\/wp-json\/wp\/v2\/product\/3592"}],"collection":[{"href":"https:\/\/duygusoysal.com\/index.php\/wp-json\/wp\/v2\/product"}],"about":[{"href":"https:\/\/duygusoysal.com\/index.php\/wp-json\/wp\/v2\/types\/product"}],"replies":[{"embeddable":true,"href":"https:\/\/duygusoysal.com\/index.php\/wp-json\/wp\/v2\/comments?post=3592"}],"wp:featuredmedia":[{"embeddable":true,"href":"https:\/\/duygusoysal.com\/index.php\/wp-json\/wp\/v2\/media\/3593"}],"wp:attachment":[{"href":"https:\/\/duygusoysal.com\/index.php\/wp-json\/wp\/v2\/media?parent=3592"}],"wp:term":[{"taxonomy":"product_cat","embeddable":true,"href":"https:\/\/duygusoysal.com\/index.php\/wp-json\/wp\/v2\/product_cat?post=3592"},{"taxonomy":"product_tag","embeddable":true,"href":"https:\/\/duygusoysal.com\/index.php\/wp-json\/wp\/v2\/product_tag?post=3592"}],"curies":[{"name":"wp","href":"https:\/\/api.w.org\/{rel}","templated":true}]}}