{"id":3594,"date":"2015-08-31T21:07:40","date_gmt":"2015-08-31T18:07:40","guid":{"rendered":"http:\/\/duygusoysal.com\/?post_type=product&#038;p=3594"},"modified":"2015-08-31T21:07:40","modified_gmt":"2015-08-31T18:07:40","slug":"hanimeli-kizi-tepsi","status":"publish","type":"product","link":"https:\/\/duygusoysal.com\/index.php\/urun\/hanimeli-kizi-tepsi\/","title":{"rendered":"Han\u0131meli K\u0131z\u0131 Tepsi"},"content":{"rendered":"<p><span id=\"fbPhotoSnowliftCaption\" class=\"fbPhotosPhotoCaption\" tabindex=\"0\" data-ft=\"{&quot;tn&quot;:&quot;K&quot;}\"><span class=\"hasCaption\">Recycled newspaper, cardboard, Han\u0131meli Magazine December 1949, varnish \/ Gazete ka\u011f\u0131d\u0131, karton, Han\u0131meli Dergisi Aral\u0131k 1949, vernik<\/span><\/span><\/p>\n","protected":false},"excerpt":{"rendered":"<p><span id=\"fbPhotoSnowliftCaption\" class=\"fbPhotosPhotoCaption\" tabindex=\"0\" data-ft=\"{&quot;tn&quot;:&quot;K&quot;}\"><span class=\"hasCaption\">Recycled newspaper, cardboard, Han\u0131meli Magazine December 1949, varnish \/ Gazete ka\u011f\u0131d\u0131, karton, Han\u0131meli Dergisi Aral\u0131k 1949, vernik<\/span><\/span><\/p>\n<a class=\"more-link\" href=\"https:\/\/duygusoysal.com\/index.php\/urun\/hanimeli-kizi-tepsi\/\">Devam\u0131n\u0131 Oku >>><\/a>","protected":false},"featured_media":3595,"comment_status":"open","ping_status":"closed","template":"","meta":[],"product_cat":[212],"product_tag":[240,237,236,229,248,241,234,247,228,239,243,244],"_links":{"self":[{"href":"https:\/\/duygusoysal.com\/index.php\/wp-json\/wp\/v2\/product\/3594"}],"collection":[{"href":"https:\/\/duygusoysal.com\/index.php\/wp-json\/wp\/v2\/product"}],"about":[{"href":"https:\/\/duygusoysal.com\/index.php\/wp-json\/wp\/v2\/types\/product"}],"replies":[{"embeddable":true,"href":"https:\/\/duygusoysal.com\/index.php\/wp-json\/wp\/v2\/comments?post=3594"}],"wp:featuredmedia":[{"embeddable":true,"href":"https:\/\/duygusoysal.com\/index.php\/wp-json\/wp\/v2\/media\/3595"}],"wp:attachment":[{"href":"https:\/\/duygusoysal.com\/index.php\/wp-json\/wp\/v2\/media?parent=3594"}],"wp:term":[{"taxonomy":"product_cat","embeddable":true,"href":"https:\/\/duygusoysal.com\/index.php\/wp-json\/wp\/v2\/product_cat?post=3594"},{"taxonomy":"product_tag","embeddable":true,"href":"https:\/\/duygusoysal.com\/index.php\/wp-json\/wp\/v2\/product_tag?post=3594"}],"curies":[{"name":"wp","href":"https:\/\/api.w.org\/{rel}","templated":true}]}}