{"id":3605,"date":"2015-09-11T18:45:32","date_gmt":"2015-09-11T15:45:32","guid":{"rendered":"http:\/\/duygusoysal.com\/?post_type=product&#038;p=3605"},"modified":"2016-06-11T14:59:20","modified_gmt":"2016-06-11T11:59:20","slug":"renkli-ipli-set","status":"publish","type":"product","link":"https:\/\/duygusoysal.com\/index.php\/urun\/renkli-ipli-set\/","title":{"rendered":"Renkli \u0130pli Set"},"content":{"rendered":"<p data-reactid=\".1.0.0.0.2.1.0.0\"><span data-reactid=\".1.0.0.0.2.1.0.0.1\"><span data-reactid=\".1.0.0.0.2.1.0.0.1.$text0:0:$text0:0\">Kocaman ka\u011f\u0131t bir kase ve de ona e\u015flik eden ka\u011f\u0131t kaplama \u015fi\u015feler \ud83d\ude42<br \/>\n<\/span><\/span><\/p>\n<p data-reactid=\".1.0.0.0.2.1.0.0\"><span id=\"fbPhotoSnowliftCaption\" class=\"fbPhotosPhotoCaption\" tabindex=\"0\" data-ft=\"{&quot;tn&quot;:&quot;K&quot;}\"><span class=\"hasCaption\">Recycled newspaper, string, wine bottle \/<br \/>\nGazete ka\u011f\u0131d\u0131, ip, cam \u015fi\u015fe<\/span><\/span><\/p>\n","protected":false},"excerpt":{"rendered":"<p><span data-reactid=\".1.0.0.0.2.1.0.0.1\"><span data-reactid=\".1.0.0.0.2.1.0.0.1.$text0:0:$text0:0\">Kocaman ka\u011f\u0131t bir kase ve de ona e\u015flik eden ka\u011f\u0131t kaplama \u015fi\u015feler \ud83d\ude42<\/span><\/span><\/p>\n<p><span id=\"fbPhotoSnowliftCaption\" class=\"fbPhotosPhotoCaption\" tabindex=\"0\" data-ft=\"{&quot;tn&quot;:&quot;K&quot;}\"><span class=\"hasCaption\">Recycled newspaper, string, wine bottle \/<br \/>\nGazete ka\u011f\u0131d\u0131, ip, cam \u015fi\u015fe<\/span><\/span><\/p>\n<a class=\"more-link\" href=\"https:\/\/duygusoysal.com\/index.php\/urun\/renkli-ipli-set\/\">Devam\u0131n\u0131 Oku >>><\/a>","protected":false},"featured_media":3606,"comment_status":"open","ping_status":"closed","template":"","meta":[],"product_cat":[212],"product_tag":[235,216,213,240,237,236,249,233,228,210,239],"_links":{"self":[{"href":"https:\/\/duygusoysal.com\/index.php\/wp-json\/wp\/v2\/product\/3605"}],"collection":[{"href":"https:\/\/duygusoysal.com\/index.php\/wp-json\/wp\/v2\/product"}],"about":[{"href":"https:\/\/duygusoysal.com\/index.php\/wp-json\/wp\/v2\/types\/product"}],"replies":[{"embeddable":true,"href":"https:\/\/duygusoysal.com\/index.php\/wp-json\/wp\/v2\/comments?post=3605"}],"wp:featuredmedia":[{"embeddable":true,"href":"https:\/\/duygusoysal.com\/index.php\/wp-json\/wp\/v2\/media\/3606"}],"wp:attachment":[{"href":"https:\/\/duygusoysal.com\/index.php\/wp-json\/wp\/v2\/media?parent=3605"}],"wp:term":[{"taxonomy":"product_cat","embeddable":true,"href":"https:\/\/duygusoysal.com\/index.php\/wp-json\/wp\/v2\/product_cat?post=3605"},{"taxonomy":"product_tag","embeddable":true,"href":"https:\/\/duygusoysal.com\/index.php\/wp-json\/wp\/v2\/product_tag?post=3605"}],"curies":[{"name":"wp","href":"https:\/\/api.w.org\/{rel}","templated":true}]}}