{"id":3611,"date":"2015-09-11T19:04:37","date_gmt":"2015-09-11T16:04:37","guid":{"rendered":"http:\/\/duygusoysal.com\/?post_type=product&#038;p=3611"},"modified":"2016-06-11T14:58:46","modified_gmt":"2016-06-11T11:58:46","slug":"renkli-toplu-siseler","status":"publish","type":"product","link":"https:\/\/duygusoysal.com\/index.php\/urun\/renkli-toplu-siseler\/","title":{"rendered":"Renkli Toplu \u015ei\u015feler"},"content":{"rendered":"<p><span id=\"fbPhotoSnowliftCaption\" class=\"fbPhotosPhotoCaption\" tabindex=\"0\" data-ft=\"{&quot;tn&quot;:&quot;K&quot;}\"><span class=\"hasCaption\">Recycled newspaper, milk bottle, acrylic paint \/<br \/>\nGazete ka\u011f\u0131d\u0131, s\u00fct \u015fi\u015fesi, akrilik boya<\/span><\/span><\/p>\n","protected":false},"excerpt":{"rendered":"<p data-reactid=\".2.0.0.0.2.1.0.0\"><span data-reactid=\".2.0.0.0.2.1.0.0.1\"><span data-reactid=\".2.0.0.0.2.1.0.0.1.$text0:0:$text0:0\">Colourful paper balls \ud83d\ude42<br \/>\n<\/span><\/span><\/p>\n<p><span id=\"fbPhotoSnowliftCaption\" class=\"fbPhotosPhotoCaption\" tabindex=\"0\" data-ft=\"{&quot;tn&quot;:&quot;K&quot;}\"><span class=\"hasCaption\">Recycled newspaper, milk bottle, acrylic paint \/<br \/>\nGazete ka\u011f\u0131d\u0131, s\u00fct \u015fi\u015fesi, akrilik boya<\/span><\/span><\/p>\n<a class=\"more-link\" href=\"https:\/\/duygusoysal.com\/index.php\/urun\/renkli-toplu-siseler\/\">Devam\u0131n\u0131 Oku >>><\/a>","protected":false},"featured_media":3614,"comment_status":"open","ping_status":"closed","template":"","meta":[],"product_cat":[212],"product_tag":[235,216,240,237,241,232,233,228,250,210,239],"_links":{"self":[{"href":"https:\/\/duygusoysal.com\/index.php\/wp-json\/wp\/v2\/product\/3611"}],"collection":[{"href":"https:\/\/duygusoysal.com\/index.php\/wp-json\/wp\/v2\/product"}],"about":[{"href":"https:\/\/duygusoysal.com\/index.php\/wp-json\/wp\/v2\/types\/product"}],"replies":[{"embeddable":true,"href":"https:\/\/duygusoysal.com\/index.php\/wp-json\/wp\/v2\/comments?post=3611"}],"wp:featuredmedia":[{"embeddable":true,"href":"https:\/\/duygusoysal.com\/index.php\/wp-json\/wp\/v2\/media\/3614"}],"wp:attachment":[{"href":"https:\/\/duygusoysal.com\/index.php\/wp-json\/wp\/v2\/media?parent=3611"}],"wp:term":[{"taxonomy":"product_cat","embeddable":true,"href":"https:\/\/duygusoysal.com\/index.php\/wp-json\/wp\/v2\/product_cat?post=3611"},{"taxonomy":"product_tag","embeddable":true,"href":"https:\/\/duygusoysal.com\/index.php\/wp-json\/wp\/v2\/product_tag?post=3611"}],"curies":[{"name":"wp","href":"https:\/\/api.w.org\/{rel}","templated":true}]}}