{"id":3615,"date":"2015-09-12T10:47:14","date_gmt":"2015-09-12T07:47:14","guid":{"rendered":"http:\/\/duygusoysal.com\/?post_type=product&#038;p=3615"},"modified":"2016-06-10T16:32:13","modified_gmt":"2016-06-10T13:32:13","slug":"utu-kolaj","status":"publish","type":"product","link":"https:\/\/duygusoysal.com\/index.php\/urun\/utu-kolaj\/","title":{"rendered":"\u00dct\u00fc Kolaj"},"content":{"rendered":"<p><span id=\"fbPhotoSnowliftCaption\" class=\"fbPhotosPhotoCaption\" tabindex=\"0\" data-ft=\"{&quot;tn&quot;:&quot;K&quot;}\"><span class=\"hasCaption\">Hayat Magazine March 1970, iron, varnish \/<br \/>\nHayat Dergisi Mart 1970, \u00fct\u00fc, vernik<\/span><\/span><\/p>\n","protected":false},"excerpt":{"rendered":"<p data-reactid=\".1.0.0.0.2.1.0.0\"><span data-reactid=\".1.0.0.0.2.1.0.0.1\"><span data-reactid=\".1.0.0.0.2.1.0.0.1.$text0:0:$text0:0\">My iron is old style or new style?<\/span><\/span><\/p>\n<p data-reactid=\".1.0.0.0.2.1.0.0\"><span data-reactid=\".1.0.0.0.2.1.0.0.1\"><span data-reactid=\".1.0.0.0.2.1.0.0.1.$text0:0:$text0:0\">Eskimi\u015f, unutulmu\u015f e\u015fyalar\u0131n bazen ne kadar k\u0131ymetli oldu\u011funu hat\u0131rlamak&#8230;.<\/span><\/span><\/p>\n<p><span id=\"fbPhotoSnowliftCaption\" class=\"fbPhotosPhotoCaption\" tabindex=\"0\" data-ft=\"{&quot;tn&quot;:&quot;K&quot;}\"><span class=\"hasCaption\">Hayat Magazine March 1970, iron, varnish \/<br \/>\nHayat Dergisi Mart 1970, \u00fct\u00fc, vernik<\/span><\/span><\/p>\n<a class=\"more-link\" href=\"https:\/\/duygusoysal.com\/index.php\/urun\/utu-kolaj\/\">Devam\u0131n\u0131 Oku >>><\/a>","protected":false},"featured_media":3618,"comment_status":"open","ping_status":"closed","template":"","meta":[],"product_cat":[212],"product_tag":[354,355,356,350,237,357,353,308,358,348,234,349,347,346,258,239,359,352,351],"_links":{"self":[{"href":"https:\/\/duygusoysal.com\/index.php\/wp-json\/wp\/v2\/product\/3615"}],"collection":[{"href":"https:\/\/duygusoysal.com\/index.php\/wp-json\/wp\/v2\/product"}],"about":[{"href":"https:\/\/duygusoysal.com\/index.php\/wp-json\/wp\/v2\/types\/product"}],"replies":[{"embeddable":true,"href":"https:\/\/duygusoysal.com\/index.php\/wp-json\/wp\/v2\/comments?post=3615"}],"wp:featuredmedia":[{"embeddable":true,"href":"https:\/\/duygusoysal.com\/index.php\/wp-json\/wp\/v2\/media\/3618"}],"wp:attachment":[{"href":"https:\/\/duygusoysal.com\/index.php\/wp-json\/wp\/v2\/media?parent=3615"}],"wp:term":[{"taxonomy":"product_cat","embeddable":true,"href":"https:\/\/duygusoysal.com\/index.php\/wp-json\/wp\/v2\/product_cat?post=3615"},{"taxonomy":"product_tag","embeddable":true,"href":"https:\/\/duygusoysal.com\/index.php\/wp-json\/wp\/v2\/product_tag?post=3615"}],"curies":[{"name":"wp","href":"https:\/\/api.w.org\/{rel}","templated":true}]}}