{"id":3619,"date":"2015-09-12T10:52:04","date_gmt":"2015-09-12T07:52:04","guid":{"rendered":"http:\/\/duygusoysal.com\/?post_type=product&#038;p=3619"},"modified":"2016-06-10T16:38:22","modified_gmt":"2016-06-10T13:38:22","slug":"naturel-set","status":"publish","type":"product","link":"https:\/\/duygusoysal.com\/index.php\/urun\/naturel-set\/","title":{"rendered":"Naturel Set"},"content":{"rendered":"<p><span id=\"fbPhotoSnowliftCaption\" class=\"fbPhotosPhotoCaption\" tabindex=\"0\" data-ft=\"{&quot;tn&quot;:&quot;K&quot;}\"><span class=\"hasCaption\">Recycled newspaper, straw, Hayat Magazine History, varnish \/<br \/>\nGazete ka\u011f\u0131d\u0131, saman, Hayat Dergisi Tarih, vernik<\/span><\/span><\/p>\n","protected":false},"excerpt":{"rendered":"<p><span id=\"fbPhotoSnowliftCaption\" class=\"fbPhotosPhotoCaption\" tabindex=\"0\" data-ft=\"{&quot;tn&quot;:&quot;K&quot;}\"><span class=\"hasCaption\">Recycled newspaper, straw, Hayat Magazine History, varnish \/<br \/>\nGazete ka\u011f\u0131d\u0131, saman, Hayat Dergisi Tarih, vernik<\/span><\/span><\/p>\n<a class=\"more-link\" href=\"https:\/\/duygusoysal.com\/index.php\/urun\/naturel-set\/\">Devam\u0131n\u0131 Oku >>><\/a>","protected":false},"featured_media":3623,"comment_status":"open","ping_status":"closed","template":"","meta":[],"product_cat":[212],"product_tag":[235,213,356,237,310,229,227,265,264,209,234,340,258,309,339,345,342,343],"_links":{"self":[{"href":"https:\/\/duygusoysal.com\/index.php\/wp-json\/wp\/v2\/product\/3619"}],"collection":[{"href":"https:\/\/duygusoysal.com\/index.php\/wp-json\/wp\/v2\/product"}],"about":[{"href":"https:\/\/duygusoysal.com\/index.php\/wp-json\/wp\/v2\/types\/product"}],"replies":[{"embeddable":true,"href":"https:\/\/duygusoysal.com\/index.php\/wp-json\/wp\/v2\/comments?post=3619"}],"wp:featuredmedia":[{"embeddable":true,"href":"https:\/\/duygusoysal.com\/index.php\/wp-json\/wp\/v2\/media\/3623"}],"wp:attachment":[{"href":"https:\/\/duygusoysal.com\/index.php\/wp-json\/wp\/v2\/media?parent=3619"}],"wp:term":[{"taxonomy":"product_cat","embeddable":true,"href":"https:\/\/duygusoysal.com\/index.php\/wp-json\/wp\/v2\/product_cat?post=3619"},{"taxonomy":"product_tag","embeddable":true,"href":"https:\/\/duygusoysal.com\/index.php\/wp-json\/wp\/v2\/product_tag?post=3619"}],"curies":[{"name":"wp","href":"https:\/\/api.w.org\/{rel}","templated":true}]}}