{"id":3624,"date":"2015-09-12T10:56:04","date_gmt":"2015-09-12T07:56:04","guid":{"rendered":"http:\/\/duygusoysal.com\/?post_type=product&#038;p=3624"},"modified":"2016-06-10T16:29:13","modified_gmt":"2016-06-10T13:29:13","slug":"tarcin-kokulu-kaseler","status":"publish","type":"product","link":"https:\/\/duygusoysal.com\/index.php\/urun\/tarcin-kokulu-kaseler\/","title":{"rendered":"Tar\u00e7\u0131n ve Ihlamur Kokulu Kaseler"},"content":{"rendered":"<p><span id=\"fbPhotoSnowliftCaption\" class=\"fbPhotosPhotoCaption\" tabindex=\"0\" data-ft=\"{&quot;tn&quot;:&quot;K&quot;}\"><span class=\"hasCaption\">Recycled newspaper, straw, cinnamon \/<br \/>\nGazete ka\u011f\u0131d\u0131, saman, tar\u00e7\u0131n<\/span><\/span><\/p>\n","protected":false},"excerpt":{"rendered":"<p>Tar\u00e7\u0131n ve \u0131hlamurun mis gibi kokusunu b\u00fcnyesinde bar\u0131nd\u0131ran kaseler mmmm:)<\/p>\n<p><span id=\"fbPhotoSnowliftCaption\" class=\"fbPhotosPhotoCaption\" tabindex=\"0\" data-ft=\"{&quot;tn&quot;:&quot;K&quot;}\"><span class=\"hasCaption\">Recycled newspaper, straw, cinnamon \/<br \/>\nGazete ka\u011f\u0131d\u0131, saman, tar\u00e7\u0131n<\/span><\/span><\/p>\n<a class=\"more-link\" href=\"https:\/\/duygusoysal.com\/index.php\/urun\/tarcin-kokulu-kaseler\/\">Devam\u0131n\u0131 Oku >>><\/a>","protected":false},"featured_media":3629,"comment_status":"open","ping_status":"closed","template":"","meta":[],"product_cat":[212],"product_tag":[235,213,341,237,310,229,227,254,264,209,340,309,339,345,342,344,343],"_links":{"self":[{"href":"https:\/\/duygusoysal.com\/index.php\/wp-json\/wp\/v2\/product\/3624"}],"collection":[{"href":"https:\/\/duygusoysal.com\/index.php\/wp-json\/wp\/v2\/product"}],"about":[{"href":"https:\/\/duygusoysal.com\/index.php\/wp-json\/wp\/v2\/types\/product"}],"replies":[{"embeddable":true,"href":"https:\/\/duygusoysal.com\/index.php\/wp-json\/wp\/v2\/comments?post=3624"}],"wp:featuredmedia":[{"embeddable":true,"href":"https:\/\/duygusoysal.com\/index.php\/wp-json\/wp\/v2\/media\/3629"}],"wp:attachment":[{"href":"https:\/\/duygusoysal.com\/index.php\/wp-json\/wp\/v2\/media?parent=3624"}],"wp:term":[{"taxonomy":"product_cat","embeddable":true,"href":"https:\/\/duygusoysal.com\/index.php\/wp-json\/wp\/v2\/product_cat?post=3624"},{"taxonomy":"product_tag","embeddable":true,"href":"https:\/\/duygusoysal.com\/index.php\/wp-json\/wp\/v2\/product_tag?post=3624"}],"curies":[{"name":"wp","href":"https:\/\/api.w.org\/{rel}","templated":true}]}}