{"id":3631,"date":"2015-09-12T11:16:27","date_gmt":"2015-09-12T08:16:27","guid":{"rendered":"http:\/\/duygusoysal.com\/?post_type=product&#038;p=3631"},"modified":"2018-03-29T19:19:19","modified_gmt":"2018-03-29T16:19:19","slug":"muzisyenler-duvar-susu","status":"publish","type":"product","link":"https:\/\/duygusoysal.com\/index.php\/urun\/muzisyenler-duvar-susu\/","title":{"rendered":"M\u00fczisyenler Duvar S\u00fcs\u00fc"},"content":{"rendered":"<p><span id=\"fbPhotoSnowliftCaption\" class=\"fbPhotosPhotoCaption\" tabindex=\"0\" data-ft=\"{&quot;tn&quot;:&quot;K&quot;}\"><span class=\"hasCaption\">Music sheet, Hayat Magazine \/<br \/>\nNota ka\u011f\u0131d\u0131, Hayat Dergisi<\/span><\/span><\/p>\n","protected":false},"excerpt":{"rendered":"<p>Saman ka\u011f\u0131da bas\u0131m nota ka\u011f\u0131tlar\u0131ndan ve Hayat Dergisi sayfalar\u0131ndan haz\u0131rlanm\u0131\u015f duvar s\u00fcsleri, Alper \u015eeng\u00fcr Voice St\u00fcdyo duvarlar\u0131n\u0131 s\u00fcslemektedir:)<a href=\"http:\/\/www.alpersengur.com\"> www.alpersengur.com <\/a><\/p>\n<p><span id=\"fbPhotoSnowliftCaption\" class=\"fbPhotosPhotoCaption\" tabindex=\"0\" data-ft=\"{&quot;tn&quot;:&quot;K&quot;}\"><span class=\"hasCaption\">Music sheet, Hayat Magazine \/<br \/>\nNota ka\u011f\u0131d\u0131, Hayat Dergisi<\/span><\/span><\/p>\n<a class=\"more-link\" href=\"https:\/\/duygusoysal.com\/index.php\/urun\/muzisyenler-duvar-susu\/\">Devam\u0131n\u0131 Oku >>><\/a>","protected":false},"featured_media":4215,"comment_status":"open","ping_status":"closed","template":"","meta":[],"product_cat":[212],"product_tag":[363,265,264,364,234,360,361,362],"_links":{"self":[{"href":"https:\/\/duygusoysal.com\/index.php\/wp-json\/wp\/v2\/product\/3631"}],"collection":[{"href":"https:\/\/duygusoysal.com\/index.php\/wp-json\/wp\/v2\/product"}],"about":[{"href":"https:\/\/duygusoysal.com\/index.php\/wp-json\/wp\/v2\/types\/product"}],"replies":[{"embeddable":true,"href":"https:\/\/duygusoysal.com\/index.php\/wp-json\/wp\/v2\/comments?post=3631"}],"wp:featuredmedia":[{"embeddable":true,"href":"https:\/\/duygusoysal.com\/index.php\/wp-json\/wp\/v2\/media\/4215"}],"wp:attachment":[{"href":"https:\/\/duygusoysal.com\/index.php\/wp-json\/wp\/v2\/media?parent=3631"}],"wp:term":[{"taxonomy":"product_cat","embeddable":true,"href":"https:\/\/duygusoysal.com\/index.php\/wp-json\/wp\/v2\/product_cat?post=3631"},{"taxonomy":"product_tag","embeddable":true,"href":"https:\/\/duygusoysal.com\/index.php\/wp-json\/wp\/v2\/product_tag?post=3631"}],"curies":[{"name":"wp","href":"https:\/\/api.w.org\/{rel}","templated":true}]}}