{"id":3656,"date":"2015-09-16T13:25:41","date_gmt":"2015-09-16T10:25:41","guid":{"rendered":"http:\/\/duygusoysal.com\/?post_type=product&#038;p=3656"},"modified":"2018-03-29T19:18:02","modified_gmt":"2018-03-29T16:18:02","slug":"tohum-nikah-sekeri","status":"publish","type":"product","link":"https:\/\/duygusoysal.com\/index.php\/urun\/tohum-nikah-sekeri\/","title":{"rendered":"Tohum Nikah \u015eekeri"},"content":{"rendered":"<p data-reactid=\".5.0.0.0.2.1.0.0\"><span data-reactid=\".5.0.0.0.2.1.0.0.1\"><span data-reactid=\".5.0.0.0.2.1.0.0.1.$text0:0:$text0:0\">En do\u011fal geline en do\u011fal tohum k\u00fcpleri. Kocaman k\u00fcpler, dolu dolu tohumlar. A\u015fk ile ye\u015fersin&#8230;<\/span><\/span><\/p>\n","protected":false},"excerpt":{"rendered":"<p><span data-reactid=\".5.0.0.0.2.1.0.0.1\"><span data-reactid=\".5.0.0.0.2.1.0.0.1.$text0:0:$text0:0\">En do\u011fal geline en do\u011fal tohum k\u00fcpleri?kocaman k\u00fcpler, dolu dolu tohumlar?A\u015fk ile ye\u015fersin&#8230;<\/span><\/span><\/p>\n<a class=\"more-link\" href=\"https:\/\/duygusoysal.com\/index.php\/urun\/tohum-nikah-sekeri\/\">Devam\u0131n\u0131 Oku >>><\/a>","protected":false},"featured_media":4210,"comment_status":"open","ping_status":"closed","template":"","meta":[],"product_cat":[218],"product_tag":[222,223,324,338,229,308,322,323,325,319,258,309,320,321,326,304],"_links":{"self":[{"href":"https:\/\/duygusoysal.com\/index.php\/wp-json\/wp\/v2\/product\/3656"}],"collection":[{"href":"https:\/\/duygusoysal.com\/index.php\/wp-json\/wp\/v2\/product"}],"about":[{"href":"https:\/\/duygusoysal.com\/index.php\/wp-json\/wp\/v2\/types\/product"}],"replies":[{"embeddable":true,"href":"https:\/\/duygusoysal.com\/index.php\/wp-json\/wp\/v2\/comments?post=3656"}],"wp:featuredmedia":[{"embeddable":true,"href":"https:\/\/duygusoysal.com\/index.php\/wp-json\/wp\/v2\/media\/4210"}],"wp:attachment":[{"href":"https:\/\/duygusoysal.com\/index.php\/wp-json\/wp\/v2\/media?parent=3656"}],"wp:term":[{"taxonomy":"product_cat","embeddable":true,"href":"https:\/\/duygusoysal.com\/index.php\/wp-json\/wp\/v2\/product_cat?post=3656"},{"taxonomy":"product_tag","embeddable":true,"href":"https:\/\/duygusoysal.com\/index.php\/wp-json\/wp\/v2\/product_tag?post=3656"}],"curies":[{"name":"wp","href":"https:\/\/api.w.org\/{rel}","templated":true}]}}