{"id":3662,"date":"2015-09-16T14:24:10","date_gmt":"2015-09-16T11:24:10","guid":{"rendered":"http:\/\/duygusoysal.com\/?post_type=product&#038;p=3662"},"modified":"2018-03-29T19:15:54","modified_gmt":"2018-03-29T16:15:54","slug":"oyali-kaseler","status":"publish","type":"product","link":"https:\/\/duygusoysal.com\/index.php\/urun\/oyali-kaseler\/","title":{"rendered":"Oyal\u0131 Kaseler"},"content":{"rendered":"<p data-reactid=\".9.0.0.0.2.1.0.0\"><span data-reactid=\".9.0.0.0.2.1.0.0.1\"><span data-reactid=\".9.0.0.0.2.1.0.0.1.$text0:0:$text0:0\">Colourful paper bowls with needle lace ? \u0130\u00e7i renkli ve parlak, d\u0131\u015f\u0131 mat ve oya s\u00fcsl\u00fc kaseler&#8230;<\/span><\/span><\/p>\n<p data-reactid=\".9.0.0.0.2.1.0.0\"><span data-reactid=\".9.0.0.0.2.1.0.0.1\"><span data-reactid=\".9.0.0.0.2.1.0.0.1.$text0:0:$text0:0\">R17 x h8 cm.<\/span><\/span><\/p>\n<p data-reactid=\".9.0.0.0.2.1.0.0\"><span data-reactid=\".9.0.0.0.2.1.0.0.1\"><span data-reactid=\".9.0.0.0.2.1.0.0.1.$text0:0:$text0:0\">R14 x h8 cm. <\/span><\/span><\/p>\n","protected":false},"excerpt":{"rendered":"<p data-reactid=\".9.0.0.0.2.1.0.0\"><span data-reactid=\".9.0.0.0.2.1.0.0.1\"><span data-reactid=\".9.0.0.0.2.1.0.0.1.$text0:0:$text0:0\">Colourful paper bowls with needle lace ? \u0130\u00e7i renkli ve parlak, d\u0131\u015f\u0131 mat ve oya s\u00fcsl\u00fc kaseler&#8230;<\/span><\/span><\/p>\n<p data-reactid=\".9.0.0.0.2.1.0.0\"><span data-reactid=\".9.0.0.0.2.1.0.0.1\"><span data-reactid=\".9.0.0.0.2.1.0.0.1.$text0:0:$text0:0\">R17 x h8 cm.<\/span><\/span><\/p>\n<p data-reactid=\".9.0.0.0.2.1.0.0\"><span data-reactid=\".9.0.0.0.2.1.0.0.1\"><span data-reactid=\".9.0.0.0.2.1.0.0.1.$text0:0:$text0:0\">R14 x h8 cm. <\/span><\/span><\/p>\n<a class=\"more-link\" href=\"https:\/\/duygusoysal.com\/index.php\/urun\/oyali-kaseler\/\">Devam\u0131n\u0131 Oku >>><\/a>","protected":false},"featured_media":4209,"comment_status":"open","ping_status":"closed","template":"","meta":[],"product_cat":[212],"product_tag":[213,264,209,262,258,263],"_links":{"self":[{"href":"https:\/\/duygusoysal.com\/index.php\/wp-json\/wp\/v2\/product\/3662"}],"collection":[{"href":"https:\/\/duygusoysal.com\/index.php\/wp-json\/wp\/v2\/product"}],"about":[{"href":"https:\/\/duygusoysal.com\/index.php\/wp-json\/wp\/v2\/types\/product"}],"replies":[{"embeddable":true,"href":"https:\/\/duygusoysal.com\/index.php\/wp-json\/wp\/v2\/comments?post=3662"}],"wp:featuredmedia":[{"embeddable":true,"href":"https:\/\/duygusoysal.com\/index.php\/wp-json\/wp\/v2\/media\/4209"}],"wp:attachment":[{"href":"https:\/\/duygusoysal.com\/index.php\/wp-json\/wp\/v2\/media?parent=3662"}],"wp:term":[{"taxonomy":"product_cat","embeddable":true,"href":"https:\/\/duygusoysal.com\/index.php\/wp-json\/wp\/v2\/product_cat?post=3662"},{"taxonomy":"product_tag","embeddable":true,"href":"https:\/\/duygusoysal.com\/index.php\/wp-json\/wp\/v2\/product_tag?post=3662"}],"curies":[{"name":"wp","href":"https:\/\/api.w.org\/{rel}","templated":true}]}}