{"id":3803,"date":"2016-06-10T15:45:21","date_gmt":"2016-06-10T12:45:21","guid":{"rendered":"http:\/\/duygusoysal.com\/?post_type=product&#038;p=3803"},"modified":"2018-03-29T17:25:12","modified_gmt":"2018-03-29T14:25:12","slug":"dogal-gelin-buketi","status":"publish","type":"product","link":"https:\/\/duygusoysal.com\/index.php\/urun\/dogal-gelin-buketi\/","title":{"rendered":"Do\u011fal Gelin Buketi"},"content":{"rendered":"<p><span id=\"fbPhotoSnowliftCaption\" class=\"fbPhotosPhotoCaption\" tabindex=\"0\" data-ft=\"{&quot;tn&quot;:&quot;K&quot;}\"><span class=\"hasCaption\">Bir gelin do\u011fadan gelmeli diyorsan&#8230; Tamamen kuru bitkilerden ve ka\u011f\u0131ttan tasarlanm\u0131\u015f bu buket, sevgili Sevim&#8217; e gidiyor. Mutluluklar:) Bohemian wedding bouquet with paper flowers and dry grass..<\/span><\/span><\/p>\n","protected":false},"excerpt":{"rendered":"<p>Bir gelin do\u011fadan gelmeli diyorsan&#8230; Tamamen kuru bitkilerden ve ka\u011f\u0131ttan tasarlanm\u0131\u015f bu buket, sevgili Sevim&#8217; e gidiyor. Mutluluklar:) Bohemian wedding bouquet with paper flowers and dry grass..<\/p>\n<a class=\"more-link\" href=\"https:\/\/duygusoysal.com\/index.php\/urun\/dogal-gelin-buketi\/\">Devam\u0131n\u0131 Oku >>><\/a>","protected":false},"featured_media":4192,"comment_status":"open","ping_status":"closed","template":"","meta":[],"product_cat":[218],"product_tag":[307,222,303,310,229,306,305,308,311,309,304,312],"_links":{"self":[{"href":"https:\/\/duygusoysal.com\/index.php\/wp-json\/wp\/v2\/product\/3803"}],"collection":[{"href":"https:\/\/duygusoysal.com\/index.php\/wp-json\/wp\/v2\/product"}],"about":[{"href":"https:\/\/duygusoysal.com\/index.php\/wp-json\/wp\/v2\/types\/product"}],"replies":[{"embeddable":true,"href":"https:\/\/duygusoysal.com\/index.php\/wp-json\/wp\/v2\/comments?post=3803"}],"wp:featuredmedia":[{"embeddable":true,"href":"https:\/\/duygusoysal.com\/index.php\/wp-json\/wp\/v2\/media\/4192"}],"wp:attachment":[{"href":"https:\/\/duygusoysal.com\/index.php\/wp-json\/wp\/v2\/media?parent=3803"}],"wp:term":[{"taxonomy":"product_cat","embeddable":true,"href":"https:\/\/duygusoysal.com\/index.php\/wp-json\/wp\/v2\/product_cat?post=3803"},{"taxonomy":"product_tag","embeddable":true,"href":"https:\/\/duygusoysal.com\/index.php\/wp-json\/wp\/v2\/product_tag?post=3803"}],"curies":[{"name":"wp","href":"https:\/\/api.w.org\/{rel}","templated":true}]}}