{"id":3806,"date":"2016-06-10T15:50:24","date_gmt":"2016-06-10T12:50:24","guid":{"rendered":"http:\/\/duygusoysal.com\/?post_type=product&#038;p=3806"},"modified":"2016-06-10T16:10:20","modified_gmt":"2016-06-10T13:10:20","slug":"gothic-wedding","status":"publish","type":"product","link":"https:\/\/duygusoysal.com\/index.php\/urun\/gothic-wedding\/","title":{"rendered":"Gothic Wedding"},"content":{"rendered":"<p><span id=\"fbPhotoSnowliftCaption\" class=\"fbPhotosPhotoCaption\" tabindex=\"0\" data-ft=\"{&quot;tn&quot;:&quot;K&quot;}\"><span class=\"hasCaption\">Bilirsiniz ki bu haller tam benlik:) Son zamanlarda haz\u0131rlad\u0131\u011f\u0131m en keyifli i\u015flerden biri daha..Defile olacak biraz abart dediler, hay hay dedim ve tabiki \u00f6nce ben denedim.)<\/span><\/span><\/p>\n","protected":false},"excerpt":{"rendered":"<p><span id=\"fbPhotoSnowliftCaption\" class=\"fbPhotosPhotoCaption\" tabindex=\"0\" data-ft=\"{&quot;tn&quot;:&quot;K&quot;}\"><span class=\"hasCaption\">Bilirsiniz ki bu haller tam benlik:) Son zamanlarda haz\u0131rlad\u0131\u011f\u0131m en keyifli i\u015flerden biri daha..Defile olacak biraz abart dediler, hay hay dedim ve tabiki \u00f6nce ben denedim.)<\/span><\/span><\/p>\n<a class=\"more-link\" href=\"https:\/\/duygusoysal.com\/index.php\/urun\/gothic-wedding\/\">Devam\u0131n\u0131 Oku >>><\/a>","protected":false},"featured_media":3791,"comment_status":"open","ping_status":"closed","template":"","meta":[],"product_cat":[218],"product_tag":[307,332,222,310,229,329,221,331,258,309,333,330,327,304,328,312],"_links":{"self":[{"href":"https:\/\/duygusoysal.com\/index.php\/wp-json\/wp\/v2\/product\/3806"}],"collection":[{"href":"https:\/\/duygusoysal.com\/index.php\/wp-json\/wp\/v2\/product"}],"about":[{"href":"https:\/\/duygusoysal.com\/index.php\/wp-json\/wp\/v2\/types\/product"}],"replies":[{"embeddable":true,"href":"https:\/\/duygusoysal.com\/index.php\/wp-json\/wp\/v2\/comments?post=3806"}],"wp:featuredmedia":[{"embeddable":true,"href":"https:\/\/duygusoysal.com\/index.php\/wp-json\/wp\/v2\/media\/3791"}],"wp:attachment":[{"href":"https:\/\/duygusoysal.com\/index.php\/wp-json\/wp\/v2\/media?parent=3806"}],"wp:term":[{"taxonomy":"product_cat","embeddable":true,"href":"https:\/\/duygusoysal.com\/index.php\/wp-json\/wp\/v2\/product_cat?post=3806"},{"taxonomy":"product_tag","embeddable":true,"href":"https:\/\/duygusoysal.com\/index.php\/wp-json\/wp\/v2\/product_tag?post=3806"}],"curies":[{"name":"wp","href":"https:\/\/api.w.org\/{rel}","templated":true}]}}