{"id":3808,"date":"2016-06-10T15:57:14","date_gmt":"2016-06-10T12:57:14","guid":{"rendered":"http:\/\/duygusoysal.com\/?post_type=product&#038;p=3808"},"modified":"2016-06-10T16:06:50","modified_gmt":"2016-06-10T13:06:50","slug":"doga-dostu-tohum-kupleri","status":"publish","type":"product","link":"https:\/\/duygusoysal.com\/index.php\/urun\/doga-dostu-tohum-kupleri\/","title":{"rendered":"Do\u011fa Dostu Tohum K\u00fcpleri"},"content":{"rendered":"<p>\u0130\u00e7inde sonsuz tohumlar sakl\u0131:)<\/p>\n","protected":false},"excerpt":{"rendered":"<p>T\u00fcketmek yerine, ya\u015fama ya\u015fam katmal\u0131. Neden bu ufac\u0131k fikirlerle kocaman olmas\u0131n? Siz de en g\u00fczel g\u00fcn\u00fcn\u00fczde, sevdiklerinizle yeni canlar kat\u0131n do\u011faya..Beraber ye\u015fersin b\u00fct\u00fcn g\u00fczel g\u00fcnler:)<\/p>\n<a class=\"more-link\" href=\"https:\/\/duygusoysal.com\/index.php\/urun\/doga-dostu-tohum-kupleri\/\">Devam\u0131n\u0131 Oku >>><\/a>","protected":false},"featured_media":3796,"comment_status":"open","ping_status":"closed","template":"","meta":[],"product_cat":[218],"product_tag":[222,324,229,308,322,323,325,319,258,309,320,321,326,304],"_links":{"self":[{"href":"https:\/\/duygusoysal.com\/index.php\/wp-json\/wp\/v2\/product\/3808"}],"collection":[{"href":"https:\/\/duygusoysal.com\/index.php\/wp-json\/wp\/v2\/product"}],"about":[{"href":"https:\/\/duygusoysal.com\/index.php\/wp-json\/wp\/v2\/types\/product"}],"replies":[{"embeddable":true,"href":"https:\/\/duygusoysal.com\/index.php\/wp-json\/wp\/v2\/comments?post=3808"}],"wp:featuredmedia":[{"embeddable":true,"href":"https:\/\/duygusoysal.com\/index.php\/wp-json\/wp\/v2\/media\/3796"}],"wp:attachment":[{"href":"https:\/\/duygusoysal.com\/index.php\/wp-json\/wp\/v2\/media?parent=3808"}],"wp:term":[{"taxonomy":"product_cat","embeddable":true,"href":"https:\/\/duygusoysal.com\/index.php\/wp-json\/wp\/v2\/product_cat?post=3808"},{"taxonomy":"product_tag","embeddable":true,"href":"https:\/\/duygusoysal.com\/index.php\/wp-json\/wp\/v2\/product_tag?post=3808"}],"curies":[{"name":"wp","href":"https:\/\/api.w.org\/{rel}","templated":true}]}}