{"id":3809,"date":"2016-06-10T16:04:20","date_gmt":"2016-06-10T13:04:20","guid":{"rendered":"http:\/\/duygusoysal.com\/?post_type=product&#038;p=3809"},"modified":"2017-03-28T15:15:53","modified_gmt":"2017-03-28T12:15:53","slug":"dogal-lohusa-taci","status":"publish","type":"product","link":"https:\/\/duygusoysal.com\/index.php\/urun\/dogal-lohusa-taci\/","title":{"rendered":"Do\u011fal Lohusa Tac\u0131"},"content":{"rendered":"<p>Bu cicili ta\u00e7 Amerika kadar uzakta \u00e7ok tatl\u0131 bir anneye gidiyor:)<\/p>\n","protected":false},"excerpt":{"rendered":"<p>Do\u011fan\u0131n o en saf g\u00fczelli\u011fi anne olmak:) B\u00f6yle anlaml\u0131 bir g\u00fcnde, takmak isteyece\u011finiz ta\u00e7ta do\u011fadan gelmeli.)<\/p>\n<a class=\"more-link\" href=\"https:\/\/duygusoysal.com\/index.php\/urun\/dogal-lohusa-taci\/\">Devam\u0131n\u0131 Oku >>><\/a>","protected":false},"featured_media":3800,"comment_status":"open","ping_status":"closed","template":"","meta":[],"product_cat":[218,411],"product_tag":[315,317,308,264,313,314,318,258,309,316],"_links":{"self":[{"href":"https:\/\/duygusoysal.com\/index.php\/wp-json\/wp\/v2\/product\/3809"}],"collection":[{"href":"https:\/\/duygusoysal.com\/index.php\/wp-json\/wp\/v2\/product"}],"about":[{"href":"https:\/\/duygusoysal.com\/index.php\/wp-json\/wp\/v2\/types\/product"}],"replies":[{"embeddable":true,"href":"https:\/\/duygusoysal.com\/index.php\/wp-json\/wp\/v2\/comments?post=3809"}],"wp:featuredmedia":[{"embeddable":true,"href":"https:\/\/duygusoysal.com\/index.php\/wp-json\/wp\/v2\/media\/3800"}],"wp:attachment":[{"href":"https:\/\/duygusoysal.com\/index.php\/wp-json\/wp\/v2\/media?parent=3809"}],"wp:term":[{"taxonomy":"product_cat","embeddable":true,"href":"https:\/\/duygusoysal.com\/index.php\/wp-json\/wp\/v2\/product_cat?post=3809"},{"taxonomy":"product_tag","embeddable":true,"href":"https:\/\/duygusoysal.com\/index.php\/wp-json\/wp\/v2\/product_tag?post=3809"}],"curies":[{"name":"wp","href":"https:\/\/api.w.org\/{rel}","templated":true}]}}