{"id":3822,"date":"2016-06-11T14:31:23","date_gmt":"2016-06-11T11:31:23","guid":{"rendered":"http:\/\/duygusoysal.com\/?post_type=product&#038;p=3822"},"modified":"2016-06-11T14:31:23","modified_gmt":"2016-06-11T11:31:23","slug":"kase-cicek-2","status":"publish","type":"product","link":"https:\/\/duygusoysal.com\/index.php\/urun\/kase-cicek-2\/","title":{"rendered":"Kase \u00c7i\u00e7ek"},"content":{"rendered":"<p>paper bowl + paper flower = bowlflower \ud83d\ude42<i class=\"_lew\" title=\"smile ifade simgesi\"><i class=\"_4-k1 img sp_fM-mz8spZ1b sx_5371b4\"><\/i><\/i><\/p>\n","protected":false},"excerpt":{"rendered":"<p>Ka\u011f\u0131t hamurundan g\u00fcne\u015fte kurutulmu\u015f kaseyi \u00e7i\u00e7ekler kaplad\u0131:) Tamamen ka\u011f\u0131t ve farkl\u0131 bir dekorasyon alternatifi.)<\/p>\n<a class=\"more-link\" href=\"https:\/\/duygusoysal.com\/index.php\/urun\/kase-cicek-2\/\">Devam\u0131n\u0131 Oku >>><\/a>","protected":false},"featured_media":3818,"comment_status":"open","ping_status":"closed","template":"","meta":[],"product_cat":[212],"product_tag":[307,213,397,240,237,236,310,229,396,227,308,241,264,209,233,304],"_links":{"self":[{"href":"https:\/\/duygusoysal.com\/index.php\/wp-json\/wp\/v2\/product\/3822"}],"collection":[{"href":"https:\/\/duygusoysal.com\/index.php\/wp-json\/wp\/v2\/product"}],"about":[{"href":"https:\/\/duygusoysal.com\/index.php\/wp-json\/wp\/v2\/types\/product"}],"replies":[{"embeddable":true,"href":"https:\/\/duygusoysal.com\/index.php\/wp-json\/wp\/v2\/comments?post=3822"}],"wp:featuredmedia":[{"embeddable":true,"href":"https:\/\/duygusoysal.com\/index.php\/wp-json\/wp\/v2\/media\/3818"}],"wp:attachment":[{"href":"https:\/\/duygusoysal.com\/index.php\/wp-json\/wp\/v2\/media?parent=3822"}],"wp:term":[{"taxonomy":"product_cat","embeddable":true,"href":"https:\/\/duygusoysal.com\/index.php\/wp-json\/wp\/v2\/product_cat?post=3822"},{"taxonomy":"product_tag","embeddable":true,"href":"https:\/\/duygusoysal.com\/index.php\/wp-json\/wp\/v2\/product_tag?post=3822"}],"curies":[{"name":"wp","href":"https:\/\/api.w.org\/{rel}","templated":true}]}}