{"id":3865,"date":"2016-06-13T19:10:03","date_gmt":"2016-06-13T16:10:03","guid":{"rendered":"http:\/\/duygusoysal.com\/?post_type=product&#038;p=3865"},"modified":"2016-06-13T19:10:03","modified_gmt":"2016-06-13T16:10:03","slug":"testi","status":"publish","type":"product","link":"https:\/\/duygusoysal.com\/index.php\/urun\/testi\/","title":{"rendered":"Testi"},"content":{"rendered":"<p>Recycled newspaper, acrylic paint \/<br \/>\nGazete ka\u011f\u0131d\u0131, akrilik boya<\/p>\n","protected":false},"excerpt":{"rendered":"<p>Tamamen elle \u015fekillendirilmi\u015f, ka\u011f\u0131t hamurundan testi.<\/p>\n<a class=\"more-link\" href=\"https:\/\/duygusoysal.com\/index.php\/urun\/testi\/\">Devam\u0131n\u0131 Oku >>><\/a>","protected":false},"featured_media":3863,"comment_status":"open","ping_status":"closed","template":"","meta":[],"product_cat":[212],"product_tag":[410,240,237,236,310,229,241,232,258,309,233,228,239,409],"_links":{"self":[{"href":"https:\/\/duygusoysal.com\/index.php\/wp-json\/wp\/v2\/product\/3865"}],"collection":[{"href":"https:\/\/duygusoysal.com\/index.php\/wp-json\/wp\/v2\/product"}],"about":[{"href":"https:\/\/duygusoysal.com\/index.php\/wp-json\/wp\/v2\/types\/product"}],"replies":[{"embeddable":true,"href":"https:\/\/duygusoysal.com\/index.php\/wp-json\/wp\/v2\/comments?post=3865"}],"wp:featuredmedia":[{"embeddable":true,"href":"https:\/\/duygusoysal.com\/index.php\/wp-json\/wp\/v2\/media\/3863"}],"wp:attachment":[{"href":"https:\/\/duygusoysal.com\/index.php\/wp-json\/wp\/v2\/media?parent=3865"}],"wp:term":[{"taxonomy":"product_cat","embeddable":true,"href":"https:\/\/duygusoysal.com\/index.php\/wp-json\/wp\/v2\/product_cat?post=3865"},{"taxonomy":"product_tag","embeddable":true,"href":"https:\/\/duygusoysal.com\/index.php\/wp-json\/wp\/v2\/product_tag?post=3865"}],"curies":[{"name":"wp","href":"https:\/\/api.w.org\/{rel}","templated":true}]}}