{"id":3873,"date":"2016-06-13T19:18:53","date_gmt":"2016-06-13T16:18:53","guid":{"rendered":"http:\/\/duygusoysal.com\/?post_type=product&#038;p=3873"},"modified":"2016-06-13T19:19:17","modified_gmt":"2016-06-13T16:19:17","slug":"cok-yuzlu-kolye","status":"publish","type":"product","link":"https:\/\/duygusoysal.com\/index.php\/urun\/cok-yuzlu-kolye\/","title":{"rendered":"\u00c7ok Y\u00fczl\u00fc Kolye"},"content":{"rendered":"","protected":false},"excerpt":{"rendered":"<p>&#8221;Him of Many Faces Necklace&#8221; Recycled newspaper, acrylic paint, leather string\/<br \/>\n&#8221;\u00c7ok Y\u00fczl\u00fc Kolye&#8221; Gazete ka\u011f\u0131d\u0131, akrilik boya, deri ip.<\/p>\n<a class=\"more-link\" href=\"https:\/\/duygusoysal.com\/index.php\/urun\/cok-yuzlu-kolye\/\">Devam\u0131n\u0131 Oku >>><\/a>","protected":false},"featured_media":3872,"comment_status":"open","ping_status":"closed","template":"","meta":[],"product_cat":[411],"product_tag":[235,240,310,229,308,264,232,412,414,258,309,233,228,413,239],"_links":{"self":[{"href":"https:\/\/duygusoysal.com\/index.php\/wp-json\/wp\/v2\/product\/3873"}],"collection":[{"href":"https:\/\/duygusoysal.com\/index.php\/wp-json\/wp\/v2\/product"}],"about":[{"href":"https:\/\/duygusoysal.com\/index.php\/wp-json\/wp\/v2\/types\/product"}],"replies":[{"embeddable":true,"href":"https:\/\/duygusoysal.com\/index.php\/wp-json\/wp\/v2\/comments?post=3873"}],"wp:featuredmedia":[{"embeddable":true,"href":"https:\/\/duygusoysal.com\/index.php\/wp-json\/wp\/v2\/media\/3872"}],"wp:attachment":[{"href":"https:\/\/duygusoysal.com\/index.php\/wp-json\/wp\/v2\/media?parent=3873"}],"wp:term":[{"taxonomy":"product_cat","embeddable":true,"href":"https:\/\/duygusoysal.com\/index.php\/wp-json\/wp\/v2\/product_cat?post=3873"},{"taxonomy":"product_tag","embeddable":true,"href":"https:\/\/duygusoysal.com\/index.php\/wp-json\/wp\/v2\/product_tag?post=3873"}],"curies":[{"name":"wp","href":"https:\/\/api.w.org\/{rel}","templated":true}]}}