{"id":3883,"date":"2016-06-13T19:32:56","date_gmt":"2016-06-13T16:32:56","guid":{"rendered":"http:\/\/duygusoysal.com\/?post_type=product&#038;p=3883"},"modified":"2016-06-13T19:32:56","modified_gmt":"2016-06-13T16:32:56","slug":"portakal-kolye","status":"publish","type":"product","link":"https:\/\/duygusoysal.com\/index.php\/urun\/portakal-kolye\/","title":{"rendered":"Portakal Kolye"},"content":{"rendered":"","protected":false},"excerpt":{"rendered":"<p>&#8221;Orange Necklace&#8221; Recycled newspaper, acrylic paint, leather string \/<br \/>\n&#8221;Portakal Kolye&#8221; Gazete ka\u011f\u0131d\u0131, akrilik boya, deri ip<\/p>\n<a class=\"more-link\" href=\"https:\/\/duygusoysal.com\/index.php\/urun\/portakal-kolye\/\">Devam\u0131n\u0131 Oku >>><\/a>","protected":false},"featured_media":3879,"comment_status":"open","ping_status":"closed","template":"","meta":[],"product_cat":[411],"product_tag":[235,307,240,237,310,229,227,308,241,264,232,412,414,417,258,309,233,416,228,413,239,415],"_links":{"self":[{"href":"https:\/\/duygusoysal.com\/index.php\/wp-json\/wp\/v2\/product\/3883"}],"collection":[{"href":"https:\/\/duygusoysal.com\/index.php\/wp-json\/wp\/v2\/product"}],"about":[{"href":"https:\/\/duygusoysal.com\/index.php\/wp-json\/wp\/v2\/types\/product"}],"replies":[{"embeddable":true,"href":"https:\/\/duygusoysal.com\/index.php\/wp-json\/wp\/v2\/comments?post=3883"}],"wp:featuredmedia":[{"embeddable":true,"href":"https:\/\/duygusoysal.com\/index.php\/wp-json\/wp\/v2\/media\/3879"}],"wp:attachment":[{"href":"https:\/\/duygusoysal.com\/index.php\/wp-json\/wp\/v2\/media?parent=3883"}],"wp:term":[{"taxonomy":"product_cat","embeddable":true,"href":"https:\/\/duygusoysal.com\/index.php\/wp-json\/wp\/v2\/product_cat?post=3883"},{"taxonomy":"product_tag","embeddable":true,"href":"https:\/\/duygusoysal.com\/index.php\/wp-json\/wp\/v2\/product_tag?post=3883"}],"curies":[{"name":"wp","href":"https:\/\/api.w.org\/{rel}","templated":true}]}}