{"id":3915,"date":"2016-11-05T14:13:19","date_gmt":"2016-11-05T12:13:19","guid":{"rendered":"http:\/\/duygusoysal.com\/?post_type=product&#038;p=3915"},"modified":"2018-03-30T14:45:43","modified_gmt":"2018-03-30T11:45:43","slug":"romantik-kase","status":"publish","type":"product","link":"https:\/\/duygusoysal.com\/index.php\/urun\/romantik-kase\/","title":{"rendered":"Romantik Kase"},"content":{"rendered":"","protected":false},"excerpt":{"rendered":"<p>Geri D\u00f6n\u00fc\u015f\u00fcm ka\u011f\u0131tlar\u0131ndan haz\u0131rlanm\u0131\u015f naturel kase ve i\u00e7erisinde romantik bordo ka\u011f\u0131t g\u00fcller.\u00a0\u2764\u2764\u2764<\/p>\n<a class=\"more-link\" href=\"https:\/\/duygusoysal.com\/index.php\/urun\/romantik-kase\/\">Devam\u0131n\u0131 Oku >>><\/a>","protected":false},"featured_media":4239,"comment_status":"open","ping_status":"closed","template":"","meta":[],"product_cat":[212],"product_tag":[235,307,240,324,237,236,310,229,227,400,308,258,309,233,228,333,239],"_links":{"self":[{"href":"https:\/\/duygusoysal.com\/index.php\/wp-json\/wp\/v2\/product\/3915"}],"collection":[{"href":"https:\/\/duygusoysal.com\/index.php\/wp-json\/wp\/v2\/product"}],"about":[{"href":"https:\/\/duygusoysal.com\/index.php\/wp-json\/wp\/v2\/types\/product"}],"replies":[{"embeddable":true,"href":"https:\/\/duygusoysal.com\/index.php\/wp-json\/wp\/v2\/comments?post=3915"}],"wp:featuredmedia":[{"embeddable":true,"href":"https:\/\/duygusoysal.com\/index.php\/wp-json\/wp\/v2\/media\/4239"}],"wp:attachment":[{"href":"https:\/\/duygusoysal.com\/index.php\/wp-json\/wp\/v2\/media?parent=3915"}],"wp:term":[{"taxonomy":"product_cat","embeddable":true,"href":"https:\/\/duygusoysal.com\/index.php\/wp-json\/wp\/v2\/product_cat?post=3915"},{"taxonomy":"product_tag","embeddable":true,"href":"https:\/\/duygusoysal.com\/index.php\/wp-json\/wp\/v2\/product_tag?post=3915"}],"curies":[{"name":"wp","href":"https:\/\/api.w.org\/{rel}","templated":true}]}}