{"id":3916,"date":"2016-11-05T14:21:37","date_gmt":"2016-11-05T12:21:37","guid":{"rendered":"http:\/\/duygusoysal.com\/?post_type=product&#038;p=3916"},"modified":"2018-03-30T14:43:57","modified_gmt":"2018-03-30T11:43:57","slug":"yesil-guller","status":"publish","type":"product","link":"https:\/\/duygusoysal.com\/index.php\/urun\/yesil-guller\/","title":{"rendered":"Ye\u015fil G\u00fcller"},"content":{"rendered":"","protected":false},"excerpt":{"rendered":"<p>Ka\u011f\u0131t ye\u015fil g\u00fcller\u00a0?\u00a0???<\/p>\n<a class=\"more-link\" href=\"https:\/\/duygusoysal.com\/index.php\/urun\/yesil-guller\/\">Devam\u0131n\u0131 Oku >>><\/a>","protected":false},"featured_media":4231,"comment_status":"open","ping_status":"closed","template":"","meta":[],"product_cat":[212],"product_tag":[307,303,240,237,236,310,229,425,427,309,233,228,333,239,426],"_links":{"self":[{"href":"https:\/\/duygusoysal.com\/index.php\/wp-json\/wp\/v2\/product\/3916"}],"collection":[{"href":"https:\/\/duygusoysal.com\/index.php\/wp-json\/wp\/v2\/product"}],"about":[{"href":"https:\/\/duygusoysal.com\/index.php\/wp-json\/wp\/v2\/types\/product"}],"replies":[{"embeddable":true,"href":"https:\/\/duygusoysal.com\/index.php\/wp-json\/wp\/v2\/comments?post=3916"}],"wp:featuredmedia":[{"embeddable":true,"href":"https:\/\/duygusoysal.com\/index.php\/wp-json\/wp\/v2\/media\/4231"}],"wp:attachment":[{"href":"https:\/\/duygusoysal.com\/index.php\/wp-json\/wp\/v2\/media?parent=3916"}],"wp:term":[{"taxonomy":"product_cat","embeddable":true,"href":"https:\/\/duygusoysal.com\/index.php\/wp-json\/wp\/v2\/product_cat?post=3916"},{"taxonomy":"product_tag","embeddable":true,"href":"https:\/\/duygusoysal.com\/index.php\/wp-json\/wp\/v2\/product_tag?post=3916"}],"curies":[{"name":"wp","href":"https:\/\/api.w.org\/{rel}","templated":true}]}}