{"id":3919,"date":"2016-11-05T14:27:55","date_gmt":"2016-11-05T12:27:55","guid":{"rendered":"http:\/\/duygusoysal.com\/?post_type=product&#038;p=3919"},"modified":"2018-03-30T14:42:59","modified_gmt":"2018-03-30T11:42:59","slug":"ucgen-seyler","status":"publish","type":"product","link":"https:\/\/duygusoysal.com\/index.php\/urun\/ucgen-seyler\/","title":{"rendered":"\u00dc\u00e7gen \u015eeyler"},"content":{"rendered":"","protected":false},"excerpt":{"rendered":"<p>\u00dc\u00e7gen \u015feyler ? Sertle\u015ftirilmi\u015f ka\u011f\u0131t ve ka\u011f\u0131t dolgudan tasarlanm\u0131\u015f, suya dayan\u0131kl\u0131 tepsi ve kolaj kaplama d\u0131\u015f y\u00fczey.<\/p>\n<a class=\"more-link\" href=\"https:\/\/duygusoysal.com\/index.php\/urun\/ucgen-seyler\/\">Devam\u0131n\u0131 Oku >>><\/a>","protected":false},"featured_media":4234,"comment_status":"open","ping_status":"closed","template":"","meta":[],"product_cat":[212],"product_tag":[240,237,236,229,227,308,241,264,232,258,309,233,228,239,243,244,428],"_links":{"self":[{"href":"https:\/\/duygusoysal.com\/index.php\/wp-json\/wp\/v2\/product\/3919"}],"collection":[{"href":"https:\/\/duygusoysal.com\/index.php\/wp-json\/wp\/v2\/product"}],"about":[{"href":"https:\/\/duygusoysal.com\/index.php\/wp-json\/wp\/v2\/types\/product"}],"replies":[{"embeddable":true,"href":"https:\/\/duygusoysal.com\/index.php\/wp-json\/wp\/v2\/comments?post=3919"}],"wp:featuredmedia":[{"embeddable":true,"href":"https:\/\/duygusoysal.com\/index.php\/wp-json\/wp\/v2\/media\/4234"}],"wp:attachment":[{"href":"https:\/\/duygusoysal.com\/index.php\/wp-json\/wp\/v2\/media?parent=3919"}],"wp:term":[{"taxonomy":"product_cat","embeddable":true,"href":"https:\/\/duygusoysal.com\/index.php\/wp-json\/wp\/v2\/product_cat?post=3919"},{"taxonomy":"product_tag","embeddable":true,"href":"https:\/\/duygusoysal.com\/index.php\/wp-json\/wp\/v2\/product_tag?post=3919"}],"curies":[{"name":"wp","href":"https:\/\/api.w.org\/{rel}","templated":true}]}}