{"id":3920,"date":"2016-11-05T14:36:37","date_gmt":"2016-11-05T12:36:37","guid":{"rendered":"http:\/\/duygusoysal.com\/?post_type=product&#038;p=3920"},"modified":"2018-03-30T14:42:29","modified_gmt":"2018-03-30T11:42:29","slug":"yildiz-cicekleri","status":"publish","type":"product","link":"https:\/\/duygusoysal.com\/index.php\/urun\/yildiz-cicekleri\/","title":{"rendered":"Y\u0131ld\u0131z \u00c7i\u00e7ekleri"},"content":{"rendered":"","protected":false},"excerpt":{"rendered":"<p>Y\u0131ld\u0131z \u00e7i\u00e7e\u011fi hayranlar\u0131 i\u00e7in .)<\/p>\n<a class=\"more-link\" href=\"https:\/\/duygusoysal.com\/index.php\/urun\/yildiz-cicekleri\/\">Devam\u0131n\u0131 Oku >>><\/a>","protected":false},"featured_media":4241,"comment_status":"open","ping_status":"closed","template":"","meta":[],"product_cat":[212],"product_tag":[235,240,237,236,310,229,329,305,227,308,241,325,311,258,309,239,435,436],"_links":{"self":[{"href":"https:\/\/duygusoysal.com\/index.php\/wp-json\/wp\/v2\/product\/3920"}],"collection":[{"href":"https:\/\/duygusoysal.com\/index.php\/wp-json\/wp\/v2\/product"}],"about":[{"href":"https:\/\/duygusoysal.com\/index.php\/wp-json\/wp\/v2\/types\/product"}],"replies":[{"embeddable":true,"href":"https:\/\/duygusoysal.com\/index.php\/wp-json\/wp\/v2\/comments?post=3920"}],"wp:featuredmedia":[{"embeddable":true,"href":"https:\/\/duygusoysal.com\/index.php\/wp-json\/wp\/v2\/media\/4241"}],"wp:attachment":[{"href":"https:\/\/duygusoysal.com\/index.php\/wp-json\/wp\/v2\/media?parent=3920"}],"wp:term":[{"taxonomy":"product_cat","embeddable":true,"href":"https:\/\/duygusoysal.com\/index.php\/wp-json\/wp\/v2\/product_cat?post=3920"},{"taxonomy":"product_tag","embeddable":true,"href":"https:\/\/duygusoysal.com\/index.php\/wp-json\/wp\/v2\/product_tag?post=3920"}],"curies":[{"name":"wp","href":"https:\/\/api.w.org\/{rel}","templated":true}]}}