{"id":3939,"date":"2016-11-05T16:00:04","date_gmt":"2016-11-05T14:00:04","guid":{"rendered":"http:\/\/duygusoysal.com\/?post_type=product&#038;p=3939"},"modified":"2018-03-30T16:30:12","modified_gmt":"2018-03-30T13:30:12","slug":"tatli-hoscakal-buketi","status":"publish","type":"product","link":"https:\/\/duygusoysal.com\/index.php\/urun\/tatli-hoscakal-buketi\/","title":{"rendered":"Tatl\u0131 Ho\u015f\u00e7akal Buketi"},"content":{"rendered":"","protected":false},"excerpt":{"rendered":"<p>Ye\u015fil ye\u015file kar\u015f\u0131\u00a0????\u00a0Sevdiklerinize asla solmayan, kopar\u0131lmam\u0131\u015f ve do\u011fay\u0131 destekleyen bir arma\u011fan vermek gibisi var m\u0131?\u00a0???<\/p>\n<a class=\"more-link\" href=\"https:\/\/duygusoysal.com\/index.php\/urun\/tatli-hoscakal-buketi\/\">Devam\u0131n\u0131 Oku >>><\/a>","protected":false},"featured_media":4283,"comment_status":"open","ping_status":"closed","template":"","meta":[],"product_cat":[212],"product_tag":[449,307,303,398,240,237,236,310,229,447,425,450,308,448,241,264,258,309,228,239,446,426,402],"_links":{"self":[{"href":"https:\/\/duygusoysal.com\/index.php\/wp-json\/wp\/v2\/product\/3939"}],"collection":[{"href":"https:\/\/duygusoysal.com\/index.php\/wp-json\/wp\/v2\/product"}],"about":[{"href":"https:\/\/duygusoysal.com\/index.php\/wp-json\/wp\/v2\/types\/product"}],"replies":[{"embeddable":true,"href":"https:\/\/duygusoysal.com\/index.php\/wp-json\/wp\/v2\/comments?post=3939"}],"wp:featuredmedia":[{"embeddable":true,"href":"https:\/\/duygusoysal.com\/index.php\/wp-json\/wp\/v2\/media\/4283"}],"wp:attachment":[{"href":"https:\/\/duygusoysal.com\/index.php\/wp-json\/wp\/v2\/media?parent=3939"}],"wp:term":[{"taxonomy":"product_cat","embeddable":true,"href":"https:\/\/duygusoysal.com\/index.php\/wp-json\/wp\/v2\/product_cat?post=3939"},{"taxonomy":"product_tag","embeddable":true,"href":"https:\/\/duygusoysal.com\/index.php\/wp-json\/wp\/v2\/product_tag?post=3939"}],"curies":[{"name":"wp","href":"https:\/\/api.w.org\/{rel}","templated":true}]}}