{"id":3941,"date":"2016-11-05T16:09:49","date_gmt":"2016-11-05T14:09:49","guid":{"rendered":"http:\/\/duygusoysal.com\/?post_type=product&#038;p=3941"},"modified":"2016-11-05T16:09:49","modified_gmt":"2016-11-05T14:09:49","slug":"mosmor-kolye","status":"publish","type":"product","link":"https:\/\/duygusoysal.com\/index.php\/urun\/mosmor-kolye\/","title":{"rendered":"Mosmor Kolye"},"content":{"rendered":"","protected":false},"excerpt":{"rendered":"<p>&#8221;Mor Ka\u011f\u0131t Hamuru Kolye&#8221;<br \/>\nRecycled newspaper, acrylic paint, leather string \/<br \/>\nGazete ka\u011f\u0131d\u0131, akrilik boya, deri ip<\/p>\n<a class=\"more-link\" href=\"https:\/\/duygusoysal.com\/index.php\/urun\/mosmor-kolye\/\">Devam\u0131n\u0131 Oku >>><\/a>","protected":false},"featured_media":3881,"comment_status":"open","ping_status":"closed","template":"","meta":[],"product_cat":[411],"product_tag":[235,240,237,229,227,308,241,264,232,325,412,311,414,413],"_links":{"self":[{"href":"https:\/\/duygusoysal.com\/index.php\/wp-json\/wp\/v2\/product\/3941"}],"collection":[{"href":"https:\/\/duygusoysal.com\/index.php\/wp-json\/wp\/v2\/product"}],"about":[{"href":"https:\/\/duygusoysal.com\/index.php\/wp-json\/wp\/v2\/types\/product"}],"replies":[{"embeddable":true,"href":"https:\/\/duygusoysal.com\/index.php\/wp-json\/wp\/v2\/comments?post=3941"}],"wp:featuredmedia":[{"embeddable":true,"href":"https:\/\/duygusoysal.com\/index.php\/wp-json\/wp\/v2\/media\/3881"}],"wp:attachment":[{"href":"https:\/\/duygusoysal.com\/index.php\/wp-json\/wp\/v2\/media?parent=3941"}],"wp:term":[{"taxonomy":"product_cat","embeddable":true,"href":"https:\/\/duygusoysal.com\/index.php\/wp-json\/wp\/v2\/product_cat?post=3941"},{"taxonomy":"product_tag","embeddable":true,"href":"https:\/\/duygusoysal.com\/index.php\/wp-json\/wp\/v2\/product_tag?post=3941"}],"curies":[{"name":"wp","href":"https:\/\/api.w.org\/{rel}","templated":true}]}}