{"id":3942,"date":"2016-11-05T16:12:18","date_gmt":"2016-11-05T14:12:18","guid":{"rendered":"http:\/\/duygusoysal.com\/?post_type=product&#038;p=3942"},"modified":"2016-11-05T16:12:18","modified_gmt":"2016-11-05T14:12:18","slug":"black-no1","status":"publish","type":"product","link":"https:\/\/duygusoysal.com\/index.php\/urun\/black-no1\/","title":{"rendered":"Black no:1"},"content":{"rendered":"","protected":false},"excerpt":{"rendered":"<p>&#8221;Black no:1 Necklace&#8221; Recycled newspaper, acrylic paint, leather string \/<br \/>\n&#8221;Siyah no:1 Kolye&#8221; Gazete ka\u011f\u0131d\u0131, akrilik boya, deri ip<\/p>\n<a class=\"more-link\" href=\"https:\/\/duygusoysal.com\/index.php\/urun\/black-no1\/\">Devam\u0131n\u0131 Oku >>><\/a>","protected":false},"featured_media":3877,"comment_status":"open","ping_status":"closed","template":"","meta":[],"product_cat":[411],"product_tag":[235,240,237,310,229,308,241,264,232,325,412,311,414,258,309,228,413,239],"_links":{"self":[{"href":"https:\/\/duygusoysal.com\/index.php\/wp-json\/wp\/v2\/product\/3942"}],"collection":[{"href":"https:\/\/duygusoysal.com\/index.php\/wp-json\/wp\/v2\/product"}],"about":[{"href":"https:\/\/duygusoysal.com\/index.php\/wp-json\/wp\/v2\/types\/product"}],"replies":[{"embeddable":true,"href":"https:\/\/duygusoysal.com\/index.php\/wp-json\/wp\/v2\/comments?post=3942"}],"wp:featuredmedia":[{"embeddable":true,"href":"https:\/\/duygusoysal.com\/index.php\/wp-json\/wp\/v2\/media\/3877"}],"wp:attachment":[{"href":"https:\/\/duygusoysal.com\/index.php\/wp-json\/wp\/v2\/media?parent=3942"}],"wp:term":[{"taxonomy":"product_cat","embeddable":true,"href":"https:\/\/duygusoysal.com\/index.php\/wp-json\/wp\/v2\/product_cat?post=3942"},{"taxonomy":"product_tag","embeddable":true,"href":"https:\/\/duygusoysal.com\/index.php\/wp-json\/wp\/v2\/product_tag?post=3942"}],"curies":[{"name":"wp","href":"https:\/\/api.w.org\/{rel}","templated":true}]}}