{"id":3946,"date":"2016-11-07T12:36:28","date_gmt":"2016-11-07T10:36:28","guid":{"rendered":"http:\/\/duygusoysal.com\/?post_type=product&#038;p=3946"},"modified":"2018-03-30T16:29:06","modified_gmt":"2018-03-30T13:29:06","slug":"piriltili-kocaman","status":"publish","type":"product","link":"https:\/\/duygusoysal.com\/index.php\/urun\/piriltili-kocaman\/","title":{"rendered":"P\u0131r\u0131lt\u0131l\u0131 Kocaman"},"content":{"rendered":"","protected":false},"excerpt":{"rendered":"<p>Geri D\u00f6n\u00fc\u015f\u00fcm ve krepon ka\u011f\u0131tlar\u0131n\u0131n elle \u015fekillendirilmesiyle haz\u0131rlanm\u0131\u015f ki\u015fiye \u00f6zel ka\u011f\u0131t \u00e7i\u00e7ek.<\/p>\n<a class=\"more-link\" href=\"https:\/\/duygusoysal.com\/index.php\/urun\/piriltili-kocaman\/\">Devam\u0131n\u0131 Oku >>><\/a>","protected":false},"featured_media":4245,"comment_status":"open","ping_status":"closed","template":"","meta":[],"product_cat":[218,212],"product_tag":[235,453,307,222,303,398,240,237,236,310,229,329,306,305,227,308,241,232,325,311,258,309,233,455,228,238,239,304,312,454],"_links":{"self":[{"href":"https:\/\/duygusoysal.com\/index.php\/wp-json\/wp\/v2\/product\/3946"}],"collection":[{"href":"https:\/\/duygusoysal.com\/index.php\/wp-json\/wp\/v2\/product"}],"about":[{"href":"https:\/\/duygusoysal.com\/index.php\/wp-json\/wp\/v2\/types\/product"}],"replies":[{"embeddable":true,"href":"https:\/\/duygusoysal.com\/index.php\/wp-json\/wp\/v2\/comments?post=3946"}],"wp:featuredmedia":[{"embeddable":true,"href":"https:\/\/duygusoysal.com\/index.php\/wp-json\/wp\/v2\/media\/4245"}],"wp:attachment":[{"href":"https:\/\/duygusoysal.com\/index.php\/wp-json\/wp\/v2\/media?parent=3946"}],"wp:term":[{"taxonomy":"product_cat","embeddable":true,"href":"https:\/\/duygusoysal.com\/index.php\/wp-json\/wp\/v2\/product_cat?post=3946"},{"taxonomy":"product_tag","embeddable":true,"href":"https:\/\/duygusoysal.com\/index.php\/wp-json\/wp\/v2\/product_tag?post=3946"}],"curies":[{"name":"wp","href":"https:\/\/api.w.org\/{rel}","templated":true}]}}