{"id":3957,"date":"2016-11-11T12:15:18","date_gmt":"2016-11-11T10:15:18","guid":{"rendered":"http:\/\/duygusoysal.com\/?post_type=product&#038;p=3957"},"modified":"2018-03-30T15:39:08","modified_gmt":"2018-03-30T12:39:08","slug":"kala-zambagi-buket","status":"publish","type":"product","link":"https:\/\/duygusoysal.com\/index.php\/urun\/kala-zambagi-buket\/","title":{"rendered":"Kala Zamba\u011f\u0131 Buket"},"content":{"rendered":"","protected":false},"excerpt":{"rendered":"<p>Paper Calla Lillies \ud83d\ude42\u00a0Kala Zambak&#8217;l\u0131 Sonbahar \u2740 <span class=\"_5mfr _47e3\"><span class=\"_7oe\">\u2764<\/span><\/span> Ekim ay\u0131 i\u00e7erisinde \u00e7ok tatl\u0131 bir d\u00fc\u011f\u00fcn i\u00e7in, kala zambak konseptli ka\u011f\u0131t \u00e7i\u00e7ekler haz\u0131rlam\u0131\u015ft\u0131m. Hemen akabinde bir ba\u015fka do\u011fa sever \u00e7iftin Kas\u0131m d\u00fc\u011f\u00fcn\u00fc i\u00e7in de zambak haz\u0131rlamak k\u0131smet oldu..Sonbahar bol zambakl\u0131 ge\u00e7ti \u2740\u2740\u2740<\/p>\n<p>Evet \u015fimdiye kadar kimsenin \u00e7i\u00e7e\u011fini f\u0131rlatmad\u0131\u011f\u0131n\u0131 biliyorum:) \u00c7\u00fcnk\u00fc sonras\u0131nda asla unutulmaz dekoratif bir sembol olarak evlerde yerini al\u0131yor.<\/p>\n<a class=\"more-link\" href=\"https:\/\/duygusoysal.com\/index.php\/urun\/kala-zambagi-buket\/\">Devam\u0131n\u0131 Oku >>><\/a>","protected":false},"featured_media":4250,"comment_status":"open","ping_status":"closed","template":"","meta":[],"product_cat":[218],"product_tag":[235,307,222,303,456,398,240,237,236,310,229,329,306,305,308,460,241,264,457,325,239,304,312,458,459],"_links":{"self":[{"href":"https:\/\/duygusoysal.com\/index.php\/wp-json\/wp\/v2\/product\/3957"}],"collection":[{"href":"https:\/\/duygusoysal.com\/index.php\/wp-json\/wp\/v2\/product"}],"about":[{"href":"https:\/\/duygusoysal.com\/index.php\/wp-json\/wp\/v2\/types\/product"}],"replies":[{"embeddable":true,"href":"https:\/\/duygusoysal.com\/index.php\/wp-json\/wp\/v2\/comments?post=3957"}],"wp:featuredmedia":[{"embeddable":true,"href":"https:\/\/duygusoysal.com\/index.php\/wp-json\/wp\/v2\/media\/4250"}],"wp:attachment":[{"href":"https:\/\/duygusoysal.com\/index.php\/wp-json\/wp\/v2\/media?parent=3957"}],"wp:term":[{"taxonomy":"product_cat","embeddable":true,"href":"https:\/\/duygusoysal.com\/index.php\/wp-json\/wp\/v2\/product_cat?post=3957"},{"taxonomy":"product_tag","embeddable":true,"href":"https:\/\/duygusoysal.com\/index.php\/wp-json\/wp\/v2\/product_tag?post=3957"}],"curies":[{"name":"wp","href":"https:\/\/api.w.org\/{rel}","templated":true}]}}