{"id":3959,"date":"2016-11-11T12:31:42","date_gmt":"2016-11-11T10:31:42","guid":{"rendered":"http:\/\/duygusoysal.com\/?post_type=product&#038;p=3959"},"modified":"2018-03-30T15:37:07","modified_gmt":"2018-03-30T12:37:07","slug":"kala-zambagi-bros-ve-sac-aksesuari","status":"publish","type":"product","link":"https:\/\/duygusoysal.com\/index.php\/urun\/kala-zambagi-bros-ve-sac-aksesuari\/","title":{"rendered":"Kala Zamba\u011f\u0131 Bro\u015f ve Sa\u00e7 Aksesuar\u0131"},"content":{"rendered":"","protected":false},"excerpt":{"rendered":"<p>Paper Calla Lily Boutonniere <span class=\"_47e3\" title=\"smile ifade simgesi\"><span class=\"_7oe\">\ud83d\ude42<\/span><\/span> Kala zamba\u011f\u0131 damat yaka aksesuar\u0131.\u273f\u273f\u273f<\/p>\n<p>Paper Calla Lily Bride Headpiece <span class=\"_47e3\" title=\"smile ifade simgesi\"><span class=\"_7oe\">\ud83d\ude42<\/span><\/span> Kala zamba\u011f\u0131 sa\u00e7 aksesuar\u0131n\u0131 farkl\u0131 \u015fekillerde ta\u015f\u0131mak m\u00fcmk\u00fcn.<\/p>\n<a class=\"more-link\" href=\"https:\/\/duygusoysal.com\/index.php\/urun\/kala-zambagi-bros-ve-sac-aksesuari\/\">Devam\u0131n\u0131 Oku >>><\/a>","protected":false},"featured_media":4255,"comment_status":"open","ping_status":"closed","template":"","meta":[],"product_cat":[218,411],"product_tag":[235,307,465,222,462,303,240,463,237,236,310,229,329,306,305,467,221,464,308,466,241,325,311,258,309,327,304,312],"_links":{"self":[{"href":"https:\/\/duygusoysal.com\/index.php\/wp-json\/wp\/v2\/product\/3959"}],"collection":[{"href":"https:\/\/duygusoysal.com\/index.php\/wp-json\/wp\/v2\/product"}],"about":[{"href":"https:\/\/duygusoysal.com\/index.php\/wp-json\/wp\/v2\/types\/product"}],"replies":[{"embeddable":true,"href":"https:\/\/duygusoysal.com\/index.php\/wp-json\/wp\/v2\/comments?post=3959"}],"wp:featuredmedia":[{"embeddable":true,"href":"https:\/\/duygusoysal.com\/index.php\/wp-json\/wp\/v2\/media\/4255"}],"wp:attachment":[{"href":"https:\/\/duygusoysal.com\/index.php\/wp-json\/wp\/v2\/media?parent=3959"}],"wp:term":[{"taxonomy":"product_cat","embeddable":true,"href":"https:\/\/duygusoysal.com\/index.php\/wp-json\/wp\/v2\/product_cat?post=3959"},{"taxonomy":"product_tag","embeddable":true,"href":"https:\/\/duygusoysal.com\/index.php\/wp-json\/wp\/v2\/product_tag?post=3959"}],"curies":[{"name":"wp","href":"https:\/\/api.w.org\/{rel}","templated":true}]}}