{"id":3981,"date":"2017-03-28T14:33:27","date_gmt":"2017-03-28T11:33:27","guid":{"rendered":"http:\/\/duygusoysal.com\/?post_type=product&#038;p=3981"},"modified":"2018-03-30T15:36:06","modified_gmt":"2018-03-30T12:36:06","slug":"bembeyaz","status":"publish","type":"product","link":"https:\/\/duygusoysal.com\/index.php\/urun\/bembeyaz\/","title":{"rendered":"Bembeyaz"},"content":{"rendered":"","protected":false},"excerpt":{"rendered":"<p>Bembeyaz ka\u011f\u0131t g\u00fcller en beyaz g\u00fcne \u00f6zel..<\/p>\n<a class=\"more-link\" href=\"https:\/\/duygusoysal.com\/index.php\/urun\/bembeyaz\/\">Devam\u0131n\u0131 Oku >>><\/a>","protected":false},"featured_media":4247,"comment_status":"open","ping_status":"closed","template":"","meta":[],"product_cat":[218],"product_tag":[222,303,236,310,400,308,264,325,333,239,304,312,458],"_links":{"self":[{"href":"https:\/\/duygusoysal.com\/index.php\/wp-json\/wp\/v2\/product\/3981"}],"collection":[{"href":"https:\/\/duygusoysal.com\/index.php\/wp-json\/wp\/v2\/product"}],"about":[{"href":"https:\/\/duygusoysal.com\/index.php\/wp-json\/wp\/v2\/types\/product"}],"replies":[{"embeddable":true,"href":"https:\/\/duygusoysal.com\/index.php\/wp-json\/wp\/v2\/comments?post=3981"}],"wp:featuredmedia":[{"embeddable":true,"href":"https:\/\/duygusoysal.com\/index.php\/wp-json\/wp\/v2\/media\/4247"}],"wp:attachment":[{"href":"https:\/\/duygusoysal.com\/index.php\/wp-json\/wp\/v2\/media?parent=3981"}],"wp:term":[{"taxonomy":"product_cat","embeddable":true,"href":"https:\/\/duygusoysal.com\/index.php\/wp-json\/wp\/v2\/product_cat?post=3981"},{"taxonomy":"product_tag","embeddable":true,"href":"https:\/\/duygusoysal.com\/index.php\/wp-json\/wp\/v2\/product_tag?post=3981"}],"curies":[{"name":"wp","href":"https:\/\/api.w.org\/{rel}","templated":true}]}}