{"id":4000,"date":"2017-03-28T15:12:55","date_gmt":"2017-03-28T12:12:55","guid":{"rendered":"http:\/\/duygusoysal.com\/?post_type=product&#038;p=4000"},"modified":"2018-03-30T15:31:05","modified_gmt":"2018-03-30T12:31:05","slug":"zambak-zamani","status":"publish","type":"product","link":"https:\/\/duygusoysal.com\/index.php\/urun\/zambak-zamani\/","title":{"rendered":"Zambak Zaman\u0131"},"content":{"rendered":"","protected":false},"excerpt":{"rendered":"<p>Buket se\u00e7imlerinizde ve ayn\u0131 zamanda ev dekorasyonunuzda fark yaratmak i\u00e7in, ka\u011f\u0131ttan zambaklar..<\/p>\n<a class=\"more-link\" href=\"https:\/\/duygusoysal.com\/index.php\/urun\/zambak-zamani\/\">Devam\u0131n\u0131 Oku >>><\/a>","protected":false},"featured_media":4269,"comment_status":"open","ping_status":"closed","template":"","meta":[],"product_cat":[218,212],"product_tag":[],"_links":{"self":[{"href":"https:\/\/duygusoysal.com\/index.php\/wp-json\/wp\/v2\/product\/4000"}],"collection":[{"href":"https:\/\/duygusoysal.com\/index.php\/wp-json\/wp\/v2\/product"}],"about":[{"href":"https:\/\/duygusoysal.com\/index.php\/wp-json\/wp\/v2\/types\/product"}],"replies":[{"embeddable":true,"href":"https:\/\/duygusoysal.com\/index.php\/wp-json\/wp\/v2\/comments?post=4000"}],"wp:featuredmedia":[{"embeddable":true,"href":"https:\/\/duygusoysal.com\/index.php\/wp-json\/wp\/v2\/media\/4269"}],"wp:attachment":[{"href":"https:\/\/duygusoysal.com\/index.php\/wp-json\/wp\/v2\/media?parent=4000"}],"wp:term":[{"taxonomy":"product_cat","embeddable":true,"href":"https:\/\/duygusoysal.com\/index.php\/wp-json\/wp\/v2\/product_cat?post=4000"},{"taxonomy":"product_tag","embeddable":true,"href":"https:\/\/duygusoysal.com\/index.php\/wp-json\/wp\/v2\/product_tag?post=4000"}],"curies":[{"name":"wp","href":"https:\/\/api.w.org\/{rel}","templated":true}]}}