{"id":4043,"date":"2017-03-28T16:39:07","date_gmt":"2017-03-28T13:39:07","guid":{"rendered":"http:\/\/duygusoysal.com\/?post_type=product&#038;p=4043"},"modified":"2017-08-17T12:47:01","modified_gmt":"2017-08-17T09:47:01","slug":"potikare-tohum-topu-keseleri","status":"publish","type":"product","link":"https:\/\/duygusoysal.com\/index.php\/urun\/potikare-tohum-topu-keseleri\/","title":{"rendered":"P\u00f6tikare Tohum Topu Keseleri"},"content":{"rendered":"","protected":false},"excerpt":{"rendered":"<p>Yeni do\u011fum odas\u0131 i\u00e7in, bembeyaz tohum toplar\u0131 sevdiklerinize sunaca\u011f\u0131n\u0131z en naturel hediyelik alternatifi.<\/p>\n<a class=\"more-link\" href=\"https:\/\/duygusoysal.com\/index.php\/urun\/potikare-tohum-topu-keseleri\/\">Devam\u0131n\u0131 Oku >>><\/a>","protected":false},"featured_media":4118,"comment_status":"open","ping_status":"closed","template":"","meta":[],"product_cat":[218],"product_tag":[317,307,222,240,324,237,236,487,310,229,329,308,264,232,323,486,311,258,309,485,239,320,321,304],"_links":{"self":[{"href":"https:\/\/duygusoysal.com\/index.php\/wp-json\/wp\/v2\/product\/4043"}],"collection":[{"href":"https:\/\/duygusoysal.com\/index.php\/wp-json\/wp\/v2\/product"}],"about":[{"href":"https:\/\/duygusoysal.com\/index.php\/wp-json\/wp\/v2\/types\/product"}],"replies":[{"embeddable":true,"href":"https:\/\/duygusoysal.com\/index.php\/wp-json\/wp\/v2\/comments?post=4043"}],"wp:featuredmedia":[{"embeddable":true,"href":"https:\/\/duygusoysal.com\/index.php\/wp-json\/wp\/v2\/media\/4118"}],"wp:attachment":[{"href":"https:\/\/duygusoysal.com\/index.php\/wp-json\/wp\/v2\/media?parent=4043"}],"wp:term":[{"taxonomy":"product_cat","embeddable":true,"href":"https:\/\/duygusoysal.com\/index.php\/wp-json\/wp\/v2\/product_cat?post=4043"},{"taxonomy":"product_tag","embeddable":true,"href":"https:\/\/duygusoysal.com\/index.php\/wp-json\/wp\/v2\/product_tag?post=4043"}],"curies":[{"name":"wp","href":"https:\/\/api.w.org\/{rel}","templated":true}]}}