{"id":4044,"date":"2017-03-28T16:42:55","date_gmt":"2017-03-28T13:42:55","guid":{"rendered":"http:\/\/duygusoysal.com\/?post_type=product&#038;p=4044"},"modified":"2017-08-17T12:45:39","modified_gmt":"2017-08-17T09:45:39","slug":"kagit-toka","status":"publish","type":"product","link":"https:\/\/duygusoysal.com\/index.php\/urun\/kagit-toka\/","title":{"rendered":"Ka\u011f\u0131t Toka"},"content":{"rendered":"","protected":false},"excerpt":{"rendered":"<p>Ka\u011f\u0131ttan tokalar, ta\u00e7lar ve sa\u00e7 aksesuarlar\u0131 farkl\u0131 ve \u015f\u0131k aksesuar alternatifi arayanlar i\u00e7in.<\/p>\n<a class=\"more-link\" href=\"https:\/\/duygusoysal.com\/index.php\/urun\/kagit-toka\/\">Devam\u0131n\u0131 Oku >>><\/a>","protected":false},"featured_media":4039,"comment_status":"open","ping_status":"closed","template":"","meta":[],"product_cat":[411],"product_tag":[235,307,398,240,237,236,310,229,308,264,325,311,258,309,316,413,239,488],"_links":{"self":[{"href":"https:\/\/duygusoysal.com\/index.php\/wp-json\/wp\/v2\/product\/4044"}],"collection":[{"href":"https:\/\/duygusoysal.com\/index.php\/wp-json\/wp\/v2\/product"}],"about":[{"href":"https:\/\/duygusoysal.com\/index.php\/wp-json\/wp\/v2\/types\/product"}],"replies":[{"embeddable":true,"href":"https:\/\/duygusoysal.com\/index.php\/wp-json\/wp\/v2\/comments?post=4044"}],"wp:featuredmedia":[{"embeddable":true,"href":"https:\/\/duygusoysal.com\/index.php\/wp-json\/wp\/v2\/media\/4039"}],"wp:attachment":[{"href":"https:\/\/duygusoysal.com\/index.php\/wp-json\/wp\/v2\/media?parent=4044"}],"wp:term":[{"taxonomy":"product_cat","embeddable":true,"href":"https:\/\/duygusoysal.com\/index.php\/wp-json\/wp\/v2\/product_cat?post=4044"},{"taxonomy":"product_tag","embeddable":true,"href":"https:\/\/duygusoysal.com\/index.php\/wp-json\/wp\/v2\/product_tag?post=4044"}],"curies":[{"name":"wp","href":"https:\/\/api.w.org\/{rel}","templated":true}]}}