{"id":4045,"date":"2017-03-28T16:51:01","date_gmt":"2017-03-28T13:51:01","guid":{"rendered":"http:\/\/duygusoysal.com\/?post_type=product&#038;p=4045"},"modified":"2017-08-17T12:27:52","modified_gmt":"2017-08-17T09:27:52","slug":"yaprakli-bros","status":"publish","type":"product","link":"https:\/\/duygusoysal.com\/index.php\/urun\/yaprakli-bros\/","title":{"rendered":"Yaprakl\u0131 Bro\u015f"},"content":{"rendered":"","protected":false},"excerpt":{"rendered":"<p>Ka\u011f\u0131ttan yapraklarla tasarlanm\u0131\u015f ince ve zarif bro\u015f tasar\u0131m\u0131.<\/p>\n<a class=\"more-link\" href=\"https:\/\/duygusoysal.com\/index.php\/urun\/yaprakli-bros\/\">Devam\u0131n\u0131 Oku >>><\/a>","protected":false},"featured_media":4115,"comment_status":"open","ping_status":"closed","template":"","meta":[],"product_cat":[411],"product_tag":[235,462,398,240,237,236,310,229,308,264,325,311,258,309,239],"_links":{"self":[{"href":"https:\/\/duygusoysal.com\/index.php\/wp-json\/wp\/v2\/product\/4045"}],"collection":[{"href":"https:\/\/duygusoysal.com\/index.php\/wp-json\/wp\/v2\/product"}],"about":[{"href":"https:\/\/duygusoysal.com\/index.php\/wp-json\/wp\/v2\/types\/product"}],"replies":[{"embeddable":true,"href":"https:\/\/duygusoysal.com\/index.php\/wp-json\/wp\/v2\/comments?post=4045"}],"wp:featuredmedia":[{"embeddable":true,"href":"https:\/\/duygusoysal.com\/index.php\/wp-json\/wp\/v2\/media\/4115"}],"wp:attachment":[{"href":"https:\/\/duygusoysal.com\/index.php\/wp-json\/wp\/v2\/media?parent=4045"}],"wp:term":[{"taxonomy":"product_cat","embeddable":true,"href":"https:\/\/duygusoysal.com\/index.php\/wp-json\/wp\/v2\/product_cat?post=4045"},{"taxonomy":"product_tag","embeddable":true,"href":"https:\/\/duygusoysal.com\/index.php\/wp-json\/wp\/v2\/product_tag?post=4045"}],"curies":[{"name":"wp","href":"https:\/\/api.w.org\/{rel}","templated":true}]}}