{"id":4047,"date":"2017-03-28T16:58:56","date_gmt":"2017-03-28T13:58:56","guid":{"rendered":"http:\/\/duygusoysal.com\/?post_type=product&#038;p=4047"},"modified":"2018-03-30T14:39:02","modified_gmt":"2018-03-30T11:39:02","slug":"amerikan-servisi","status":"publish","type":"product","link":"https:\/\/duygusoysal.com\/index.php\/urun\/amerikan-servisi\/","title":{"rendered":"Amerikan Servis"},"content":{"rendered":"","protected":false},"excerpt":{"rendered":"<p>Eski Hayat Dergileri&#8217;nin sayfalar\u0131ndan tasarlanm\u0131\u015f, suya dayan\u0131kl\u0131 amerikan servisler.<\/p>\n<a class=\"more-link\" href=\"https:\/\/duygusoysal.com\/index.php\/urun\/amerikan-servisi\/\">Devam\u0131n\u0131 Oku >>><\/a>","protected":false},"featured_media":4122,"comment_status":"open","ping_status":"closed","template":"","meta":[],"product_cat":[212],"product_tag":[429,356,240,237,236,489,310,229,227,308,265,241,264,232,325,433,234,434,258,309,228,239],"_links":{"self":[{"href":"https:\/\/duygusoysal.com\/index.php\/wp-json\/wp\/v2\/product\/4047"}],"collection":[{"href":"https:\/\/duygusoysal.com\/index.php\/wp-json\/wp\/v2\/product"}],"about":[{"href":"https:\/\/duygusoysal.com\/index.php\/wp-json\/wp\/v2\/types\/product"}],"replies":[{"embeddable":true,"href":"https:\/\/duygusoysal.com\/index.php\/wp-json\/wp\/v2\/comments?post=4047"}],"wp:featuredmedia":[{"embeddable":true,"href":"https:\/\/duygusoysal.com\/index.php\/wp-json\/wp\/v2\/media\/4122"}],"wp:attachment":[{"href":"https:\/\/duygusoysal.com\/index.php\/wp-json\/wp\/v2\/media?parent=4047"}],"wp:term":[{"taxonomy":"product_cat","embeddable":true,"href":"https:\/\/duygusoysal.com\/index.php\/wp-json\/wp\/v2\/product_cat?post=4047"},{"taxonomy":"product_tag","embeddable":true,"href":"https:\/\/duygusoysal.com\/index.php\/wp-json\/wp\/v2\/product_tag?post=4047"}],"curies":[{"name":"wp","href":"https:\/\/api.w.org\/{rel}","templated":true}]}}