{"id":4052,"date":"2017-03-28T17:35:55","date_gmt":"2017-03-28T14:35:55","guid":{"rendered":"http:\/\/duygusoysal.com\/?post_type=product&#038;p=4052"},"modified":"2017-11-18T16:23:34","modified_gmt":"2017-11-18T14:23:34","slug":"boynuzlu","status":"publish","type":"product","link":"https:\/\/duygusoysal.com\/index.php\/urun\/boynuzlu\/","title":{"rendered":"Boynuzlu"},"content":{"rendered":"","protected":false},"excerpt":{"rendered":"<p>Geri d\u00f6n\u00fc\u015f\u00fcm ka\u011f\u0131tlar\u0131 ve yumurta kartonlar\u0131n\u0131n elle \u015fekillendirilmesiyle haz\u0131rlanm\u0131\u015f boynuz formlu b\u00fcy\u00fc k\u00fcp.<\/p>\n<a class=\"more-link\" href=\"https:\/\/duygusoysal.com\/index.php\/urun\/boynuzlu\/\">Devam\u0131n\u0131 Oku >>><\/a>","protected":false},"featured_media":4164,"comment_status":"open","ping_status":"closed","template":"","meta":[],"product_cat":[212],"product_tag":[235,213,494,240,237,236,310,229,227,308,241,264,232,325,311,258,309,233,228,239],"_links":{"self":[{"href":"https:\/\/duygusoysal.com\/index.php\/wp-json\/wp\/v2\/product\/4052"}],"collection":[{"href":"https:\/\/duygusoysal.com\/index.php\/wp-json\/wp\/v2\/product"}],"about":[{"href":"https:\/\/duygusoysal.com\/index.php\/wp-json\/wp\/v2\/types\/product"}],"replies":[{"embeddable":true,"href":"https:\/\/duygusoysal.com\/index.php\/wp-json\/wp\/v2\/comments?post=4052"}],"wp:featuredmedia":[{"embeddable":true,"href":"https:\/\/duygusoysal.com\/index.php\/wp-json\/wp\/v2\/media\/4164"}],"wp:attachment":[{"href":"https:\/\/duygusoysal.com\/index.php\/wp-json\/wp\/v2\/media?parent=4052"}],"wp:term":[{"taxonomy":"product_cat","embeddable":true,"href":"https:\/\/duygusoysal.com\/index.php\/wp-json\/wp\/v2\/product_cat?post=4052"},{"taxonomy":"product_tag","embeddable":true,"href":"https:\/\/duygusoysal.com\/index.php\/wp-json\/wp\/v2\/product_tag?post=4052"}],"curies":[{"name":"wp","href":"https:\/\/api.w.org\/{rel}","templated":true}]}}