{"id":4056,"date":"2017-03-28T17:46:39","date_gmt":"2017-03-28T14:46:39","guid":{"rendered":"http:\/\/duygusoysal.com\/?post_type=product&#038;p=4056"},"modified":"2018-03-29T17:01:45","modified_gmt":"2018-03-29T14:01:45","slug":"kocaman-kup","status":"publish","type":"product","link":"https:\/\/duygusoysal.com\/index.php\/urun\/kocaman-kup\/","title":{"rendered":"Kocaman K\u00fcp"},"content":{"rendered":"","protected":false},"excerpt":{"rendered":"<p>Geri d\u00f6n\u00fc\u015ft\u00fcr\u00fclm\u00fc\u015f ka\u011f\u0131tlardan elle \u015fekillendirilerek haz\u0131rlanm\u0131\u015f dekoratif b\u00fcy\u00fck k\u00fcp.<\/p>\n<a class=\"more-link\" href=\"https:\/\/duygusoysal.com\/index.php\/urun\/kocaman-kup\/\">Devam\u0131n\u0131 Oku >>><\/a>","protected":false},"featured_media":4114,"comment_status":"open","ping_status":"closed","template":"","meta":[],"product_cat":[212],"product_tag":[235,213,240,237,236,310,229,227,308,241,264,232,325,258,309,233,228,239],"_links":{"self":[{"href":"https:\/\/duygusoysal.com\/index.php\/wp-json\/wp\/v2\/product\/4056"}],"collection":[{"href":"https:\/\/duygusoysal.com\/index.php\/wp-json\/wp\/v2\/product"}],"about":[{"href":"https:\/\/duygusoysal.com\/index.php\/wp-json\/wp\/v2\/types\/product"}],"replies":[{"embeddable":true,"href":"https:\/\/duygusoysal.com\/index.php\/wp-json\/wp\/v2\/comments?post=4056"}],"wp:featuredmedia":[{"embeddable":true,"href":"https:\/\/duygusoysal.com\/index.php\/wp-json\/wp\/v2\/media\/4114"}],"wp:attachment":[{"href":"https:\/\/duygusoysal.com\/index.php\/wp-json\/wp\/v2\/media?parent=4056"}],"wp:term":[{"taxonomy":"product_cat","embeddable":true,"href":"https:\/\/duygusoysal.com\/index.php\/wp-json\/wp\/v2\/product_cat?post=4056"},{"taxonomy":"product_tag","embeddable":true,"href":"https:\/\/duygusoysal.com\/index.php\/wp-json\/wp\/v2\/product_tag?post=4056"}],"curies":[{"name":"wp","href":"https:\/\/api.w.org\/{rel}","templated":true}]}}