{"id":4101,"date":"2017-08-08T14:25:04","date_gmt":"2017-08-08T11:25:04","guid":{"rendered":"http:\/\/duygusoysal.com\/?post_type=product&#038;p=4101"},"modified":"2017-08-08T14:25:19","modified_gmt":"2017-08-08T11:25:19","slug":"gunes-cicegi","status":"publish","type":"product","link":"https:\/\/duygusoysal.com\/index.php\/urun\/gunes-cicegi\/","title":{"rendered":"G\u00fcne\u015f \u00c7i\u00e7e\u011fi"},"content":{"rendered":"","protected":false},"excerpt":{"rendered":"<p>Bu yeni g\u00fcnebakan \u00e7i\u00e7e\u011fi \u00e7al\u0131\u015fmas\u0131n\u0131n g\u00f6vde k\u0131sm\u0131nda, ger\u00e7ek \u00e7ekirdek yerine ka\u011f\u0131t kulland\u0131m. Tam anlam\u0131yla ka\u011f\u0131t bir g\u00fcnebakan \u00e7i\u00e7e\u011fi kar\u015f\u0131n\u0131zda.<\/p>\n<p>Yine \u00e7ok tatl\u0131 bir do\u011fum odas\u0131 i\u00e7in haz\u0131rlad\u0131\u011f\u0131m bu b\u00fcy\u00fck boyutlardaki \u00e7i\u00e7ek, odaya g\u00fcne\u015f havas\u0131 katmas\u0131 i\u00e7in ideal oldu. Yeni do\u011fumu selamlad\u0131 adeta.<\/p>\n<a class=\"more-link\" href=\"https:\/\/duygusoysal.com\/index.php\/urun\/gunes-cicegi\/\">Devam\u0131n\u0131 Oku >>><\/a>","protected":false},"featured_media":4086,"comment_status":"open","ping_status":"closed","template":"","meta":[],"product_cat":[218],"product_tag":[235,391,496,307,398,240,237,236,310,229,392,308,241,264,311,258,309,388],"_links":{"self":[{"href":"https:\/\/duygusoysal.com\/index.php\/wp-json\/wp\/v2\/product\/4101"}],"collection":[{"href":"https:\/\/duygusoysal.com\/index.php\/wp-json\/wp\/v2\/product"}],"about":[{"href":"https:\/\/duygusoysal.com\/index.php\/wp-json\/wp\/v2\/types\/product"}],"replies":[{"embeddable":true,"href":"https:\/\/duygusoysal.com\/index.php\/wp-json\/wp\/v2\/comments?post=4101"}],"wp:featuredmedia":[{"embeddable":true,"href":"https:\/\/duygusoysal.com\/index.php\/wp-json\/wp\/v2\/media\/4086"}],"wp:attachment":[{"href":"https:\/\/duygusoysal.com\/index.php\/wp-json\/wp\/v2\/media?parent=4101"}],"wp:term":[{"taxonomy":"product_cat","embeddable":true,"href":"https:\/\/duygusoysal.com\/index.php\/wp-json\/wp\/v2\/product_cat?post=4101"},{"taxonomy":"product_tag","embeddable":true,"href":"https:\/\/duygusoysal.com\/index.php\/wp-json\/wp\/v2\/product_tag?post=4101"}],"curies":[{"name":"wp","href":"https:\/\/api.w.org\/{rel}","templated":true}]}}