{"id":4102,"date":"2017-08-08T14:33:28","date_gmt":"2017-08-08T11:33:28","guid":{"rendered":"http:\/\/duygusoysal.com\/?post_type=product&#038;p=4102"},"modified":"2017-11-18T16:06:18","modified_gmt":"2017-11-18T14:06:18","slug":"cadi-sapkali-lambader","status":"publish","type":"product","link":"https:\/\/duygusoysal.com\/index.php\/urun\/cadi-sapkali-lambader\/","title":{"rendered":"Cad\u0131 \u015eapkal\u0131 Lambader"},"content":{"rendered":"","protected":false},"excerpt":{"rendered":"<p>Bir g\u00fcn \u00e7ok sevdi\u011fim bir dostumdan \u015f\u00f6yle bir talep geldi. &#8221;Lambaderimize ilk \u00e7evirdi\u011fim kitab\u0131n sayfalar\u0131ndan, biraz da cad\u0131 \u015fapkas\u0131na benzer bir \u015fapka yapar m\u0131s\u0131n?&#8221; Bay\u0131l\u0131yorum b\u00f6yle de\u011fi\u015fik ve hikayesi olan i\u015flere. Entresan bir yap\u0131m s\u00fcresinden sonra lambader haz\u0131r.:)<\/p>\n<a class=\"more-link\" href=\"https:\/\/duygusoysal.com\/index.php\/urun\/cadi-sapkali-lambader\/\">Devam\u0131n\u0131 Oku >>><\/a>","protected":false},"featured_media":4160,"comment_status":"open","ping_status":"closed","template":"","meta":[],"product_cat":[212],"product_tag":[235,356,240,237,236,310,229,308,241,264,325,234,498,497,258,309,239],"_links":{"self":[{"href":"https:\/\/duygusoysal.com\/index.php\/wp-json\/wp\/v2\/product\/4102"}],"collection":[{"href":"https:\/\/duygusoysal.com\/index.php\/wp-json\/wp\/v2\/product"}],"about":[{"href":"https:\/\/duygusoysal.com\/index.php\/wp-json\/wp\/v2\/types\/product"}],"replies":[{"embeddable":true,"href":"https:\/\/duygusoysal.com\/index.php\/wp-json\/wp\/v2\/comments?post=4102"}],"wp:featuredmedia":[{"embeddable":true,"href":"https:\/\/duygusoysal.com\/index.php\/wp-json\/wp\/v2\/media\/4160"}],"wp:attachment":[{"href":"https:\/\/duygusoysal.com\/index.php\/wp-json\/wp\/v2\/media?parent=4102"}],"wp:term":[{"taxonomy":"product_cat","embeddable":true,"href":"https:\/\/duygusoysal.com\/index.php\/wp-json\/wp\/v2\/product_cat?post=4102"},{"taxonomy":"product_tag","embeddable":true,"href":"https:\/\/duygusoysal.com\/index.php\/wp-json\/wp\/v2\/product_tag?post=4102"}],"curies":[{"name":"wp","href":"https:\/\/api.w.org\/{rel}","templated":true}]}}