{"id":4154,"date":"2017-11-18T15:51:51","date_gmt":"2017-11-18T13:51:51","guid":{"rendered":"http:\/\/duygusoysal.com\/?post_type=product&#038;p=4154"},"modified":"2017-11-18T16:07:22","modified_gmt":"2017-11-18T14:07:22","slug":"yves-rocher-tohum-kalp-kutular","status":"publish","type":"product","link":"https:\/\/duygusoysal.com\/index.php\/urun\/yves-rocher-tohum-kalp-kutular\/","title":{"rendered":"Yves Rocher Kalpten Tohumlar"},"content":{"rendered":"","protected":false},"excerpt":{"rendered":"<p>Yves Rocher Vakf\u0131 Topra\u011f\u0131n Kad\u0131nlar\u0131 Projesi, j\u00fcri toplant\u0131s\u0131 i\u00e7in, i\u00e7i d\u0131\u015f\u0131 ka\u011f\u0131t hediyelikler haz\u0131rlad\u0131m. Her y\u00f6n\u00fcyle tamamen el yap\u0131m\u0131 olan kutu hediyelikler i\u00e7inde, at\u0131k ka\u011f\u0131tlardan tasarlanm\u0131\u015f i\u00e7i tohum dolu kalpler bulunmakta. Kapa\u011f\u0131nda ise yine elde \u015fekillendirilmi\u015f ka\u011f\u0131t bir \u00e7i\u00e7ek s\u00fcslemekte. Do\u011fay\u0131 seven, do\u011faya doyamayan insanlarla g\u00fczel i\u015fler yapmak gibi yok.<\/p>\n<a class=\"more-link\" href=\"https:\/\/duygusoysal.com\/index.php\/urun\/yves-rocher-tohum-kalp-kutular\/\">Devam\u0131n\u0131 Oku >>><\/a>","protected":false},"featured_media":4150,"comment_status":"open","ping_status":"closed","template":"","meta":[],"product_cat":[212],"product_tag":[307,398,240,237,236,310,513,229,227,512,425,308,241,264,232,322,511,325,311,258,309,233,228,226,239,320,402,510],"_links":{"self":[{"href":"https:\/\/duygusoysal.com\/index.php\/wp-json\/wp\/v2\/product\/4154"}],"collection":[{"href":"https:\/\/duygusoysal.com\/index.php\/wp-json\/wp\/v2\/product"}],"about":[{"href":"https:\/\/duygusoysal.com\/index.php\/wp-json\/wp\/v2\/types\/product"}],"replies":[{"embeddable":true,"href":"https:\/\/duygusoysal.com\/index.php\/wp-json\/wp\/v2\/comments?post=4154"}],"wp:featuredmedia":[{"embeddable":true,"href":"https:\/\/duygusoysal.com\/index.php\/wp-json\/wp\/v2\/media\/4150"}],"wp:attachment":[{"href":"https:\/\/duygusoysal.com\/index.php\/wp-json\/wp\/v2\/media?parent=4154"}],"wp:term":[{"taxonomy":"product_cat","embeddable":true,"href":"https:\/\/duygusoysal.com\/index.php\/wp-json\/wp\/v2\/product_cat?post=4154"},{"taxonomy":"product_tag","embeddable":true,"href":"https:\/\/duygusoysal.com\/index.php\/wp-json\/wp\/v2\/product_tag?post=4154"}],"curies":[{"name":"wp","href":"https:\/\/api.w.org\/{rel}","templated":true}]}}